{"id":1744,"date":"2014-07-09T19:13:35","date_gmt":"2014-07-09T19:13:35","guid":{"rendered":"http:\/\/hfsucher.kklick.com\/?page_id=1744"},"modified":"2014-07-09T19:23:38","modified_gmt":"2014-07-09T19:23:38","slug":"meissen","status":"publish","type":"page","link":"http:\/\/hfsucher.kklick.com\/?page_id=1744","title":{"rendered":"Mei\u00dfen"},"content":{"rendered":"<table style=\"color: #000000;\" border=\"0\" width=\"600\" cellspacing=\"0\" cellpadding=\"2\" bgcolor=\"#eee8aa\">\n<tbody>\n<tr><!--  <!--  --><!--  --><!--  --><\/p>\n<td style=\"text-align: center; color: #000000;\" valign=\"top\" bgcolor=\"#eee8aa\" height=\"480\"><!--  ................. 1. Inhalt Tabelle             ....  --><\/p>\n<table style=\"color: #000000;\" border=\"0\" width=\"600\" cellspacing=\"1\" cellpadding=\"2\" bgcolor=\"#eee8aa\">\n<tbody>\n<tr>\n<td><strong>Mei\u00dfen<\/strong><\/td>\n<\/tr>\n<tr align=\"Center\" valign=\"top\">\n<td width=\"600\">\n<div align=\"justify\"><strong><span style=\"color: #0000ff;\">MEISA<\/span><\/strong> hie\u00df das Dorf, das sich unterhalb der Burg <strong><span style=\"color: #0000ff;\">MISNIA<\/span><\/strong> zur Marktsiedlung und dann zur Stadt entwickelte. K\u00f6nig Heinrich I. hatte die Burg etwa 929 zum Schutz gegen die einfallenden Horden aus dem Osten gegr\u00fcndet. Seit 968 war Mei\u00dfen Sitz des Bistums Mei\u00dfen und hat dadurch einen starken Einfluss auf die Entwicklung Sachsens genommen. W\u00e4hrend Mei\u00dfen vor dem 30j\u00e4hrigen Krieg wirtschaftlich durch die Tuchmacherei gepr\u00e4gt wurde, ist die Stadt seit \u00fcber 300 Jahres durch die Porzellanmanufaktur weltbekannt. Auf der Albrechtsburg, die mit dem Mei\u00dfner Dom das Bild das Bild der Stadt und der Landschaft pr\u00e4gt, hatte die Manufaktur ihren ersten Sitz.<\/div>\n<\/td>\n<\/tr>\n<tr>\n<td><div id='gallery-1' class='gallery galleryid-1744 gallery-columns-3 gallery-size-thumbnail'><figure class='gallery-item'>\n\t\t\t<div class='gallery-icon landscape'>\n\t\t\t\t<a href='http:\/\/hfsucher.kklick.com\/?attachment_id=1705'><img loading=\"lazy\" decoding=\"async\" width=\"150\" height=\"150\" src=\"http:\/\/hfsucher.kklick.com\/wp-content\/uploads\/2014\/07\/I0346-Meissen-150x150.jpg\" class=\"attachment-thumbnail size-thumbnail\" alt=\"\" \/><\/a>\n\t\t\t<\/div><\/figure><figure class='gallery-item'>\n\t\t\t<div class='gallery-icon landscape'>\n\t\t\t\t<a href='http:\/\/hfsucher.kklick.com\/?attachment_id=1699'><img loading=\"lazy\" decoding=\"async\" width=\"150\" height=\"150\" src=\"http:\/\/hfsucher.kklick.com\/wp-content\/uploads\/2014\/07\/I0340-Meissen-150x150.jpg\" class=\"attachment-thumbnail size-thumbnail\" alt=\"\" \/><\/a>\n\t\t\t<\/div><\/figure><figure class='gallery-item'>\n\t\t\t<div class='gallery-icon landscape'>\n\t\t\t\t<a href='http:\/\/hfsucher.kklick.com\/?attachment_id=1702'><img loading=\"lazy\" decoding=\"async\" width=\"150\" height=\"150\" src=\"http:\/\/hfsucher.kklick.com\/wp-content\/uploads\/2014\/07\/I0343-Meissen-150x150.jpg\" class=\"attachment-thumbnail size-thumbnail\" alt=\"\" \/><\/a>\n\t\t\t<\/div><\/figure><figure class='gallery-item'>\n\t\t\t<div class='gallery-icon landscape'>\n\t\t\t\t<a href='http:\/\/hfsucher.kklick.com\/?attachment_id=1713'><img loading=\"lazy\" decoding=\"async\" width=\"150\" height=\"150\" src=\"http:\/\/hfsucher.kklick.com\/wp-content\/uploads\/2014\/07\/I0354-Meissen-150x150.jpg\" class=\"attachment-thumbnail size-thumbnail\" alt=\"\" \/><\/a>\n\t\t\t<\/div><\/figure><figure class='gallery-item'>\n\t\t\t<div class='gallery-icon landscape'>\n\t\t\t\t<a href='http:\/\/hfsucher.kklick.com\/?attachment_id=1697'><img loading=\"lazy\" decoding=\"async\" width=\"150\" height=\"150\" src=\"http:\/\/hfsucher.kklick.com\/wp-content\/uploads\/2014\/07\/I0338-Meissen-150x150.jpg\" class=\"attachment-thumbnail size-thumbnail\" alt=\"\" \/><\/a>\n\t\t\t<\/div><\/figure><figure class='gallery-item'>\n\t\t\t<div class='gallery-icon landscape'>\n\t\t\t\t<a href='http:\/\/hfsucher.kklick.com\/?attachment_id=1704'><img loading=\"lazy\" decoding=\"async\" width=\"150\" height=\"150\" src=\"http:\/\/hfsucher.kklick.com\/wp-content\/uploads\/2014\/07\/I0345-Meissen-150x150.jpg\" class=\"attachment-thumbnail size-thumbnail\" alt=\"\" \/><\/a>\n\t\t\t<\/div><\/figure><figure class='gallery-item'>\n\t\t\t<div class='gallery-icon landscape'>\n\t\t\t\t<a href='http:\/\/hfsucher.kklick.com\/?attachment_id=1707'><img loading=\"lazy\" decoding=\"async\" width=\"150\" height=\"150\" src=\"http:\/\/hfsucher.kklick.com\/wp-content\/uploads\/2014\/07\/I0348-Meissen-150x150.jpg\" class=\"attachment-thumbnail size-thumbnail\" alt=\"\" \/><\/a>\n\t\t\t<\/div><\/figure><figure class='gallery-item'>\n\t\t\t<div class='gallery-icon landscape'>\n\t\t\t\t<a href='http:\/\/hfsucher.kklick.com\/?attachment_id=1708'><img loading=\"lazy\" decoding=\"async\" width=\"150\" height=\"150\" src=\"http:\/\/hfsucher.kklick.com\/wp-content\/uploads\/2014\/07\/I0349-Meissen-150x150.jpg\" class=\"attachment-thumbnail size-thumbnail\" alt=\"\" \/><\/a>\n\t\t\t<\/div><\/figure><figure class='gallery-item'>\n\t\t\t<div class='gallery-icon landscape'>\n\t\t\t\t<a href='http:\/\/hfsucher.kklick.com\/?attachment_id=1709'><img loading=\"lazy\" decoding=\"async\" width=\"150\" height=\"150\" src=\"http:\/\/hfsucher.kklick.com\/wp-content\/uploads\/2014\/07\/I0350-Meissen-150x150.jpg\" class=\"attachment-thumbnail size-thumbnail\" alt=\"\" \/><\/a>\n\t\t\t<\/div><\/figure><figure class='gallery-item'>\n\t\t\t<div class='gallery-icon landscape'>\n\t\t\t\t<a href='http:\/\/hfsucher.kklick.com\/?attachment_id=1710'><img loading=\"lazy\" decoding=\"async\" width=\"150\" height=\"150\" src=\"http:\/\/hfsucher.kklick.com\/wp-content\/uploads\/2014\/07\/I0351-Meissen-150x150.jpg\" class=\"attachment-thumbnail size-thumbnail\" alt=\"\" \/><\/a>\n\t\t\t<\/div><\/figure><figure class='gallery-item'>\n\t\t\t<div class='gallery-icon landscape'>\n\t\t\t\t<a href='http:\/\/hfsucher.kklick.com\/?attachment_id=1714'><img loading=\"lazy\" decoding=\"async\" width=\"150\" height=\"150\" src=\"http:\/\/hfsucher.kklick.com\/wp-content\/uploads\/2014\/07\/I0355-Meissen-150x150.jpg\" class=\"attachment-thumbnail size-thumbnail\" alt=\"\" \/><\/a>\n\t\t\t<\/div><\/figure><figure class='gallery-item'>\n\t\t\t<div class='gallery-icon landscape'>\n\t\t\t\t<a href='http:\/\/hfsucher.kklick.com\/?attachment_id=1717'><img loading=\"lazy\" decoding=\"async\" width=\"150\" height=\"150\" src=\"http:\/\/hfsucher.kklick.com\/wp-content\/uploads\/2014\/07\/I0358-Meissen-150x150.jpg\" class=\"attachment-thumbnail size-thumbnail\" alt=\"\" \/><\/a>\n\t\t\t<\/div><\/figure><figure class='gallery-item'>\n\t\t\t<div class='gallery-icon landscape'>\n\t\t\t\t<a href='http:\/\/hfsucher.kklick.com\/?attachment_id=1718'><img loading=\"lazy\" decoding=\"async\" width=\"150\" height=\"150\" src=\"http:\/\/hfsucher.kklick.com\/wp-content\/uploads\/2014\/07\/I0359-Meissen-150x150.jpg\" class=\"attachment-thumbnail size-thumbnail\" alt=\"\" \/><\/a>\n\t\t\t<\/div><\/figure><figure class='gallery-item'>\n\t\t\t<div class='gallery-icon portrait'>\n\t\t\t\t<a href='http:\/\/hfsucher.kklick.com\/?attachment_id=1719'><img loading=\"lazy\" decoding=\"async\" width=\"150\" height=\"150\" src=\"http:\/\/hfsucher.kklick.com\/wp-content\/uploads\/2014\/07\/I0360-Meissen-150x150.jpg\" class=\"attachment-thumbnail size-thumbnail\" alt=\"\" \/><\/a>\n\t\t\t<\/div><\/figure><figure class='gallery-item'>\n\t\t\t<div class='gallery-icon landscape'>\n\t\t\t\t<a href='http:\/\/hfsucher.kklick.com\/?attachment_id=1720'><img loading=\"lazy\" decoding=\"async\" width=\"150\" height=\"150\" src=\"http:\/\/hfsucher.kklick.com\/wp-content\/uploads\/2014\/07\/I0361-Meissen-150x150.jpg\" class=\"attachment-thumbnail size-thumbnail\" alt=\"\" \/><\/a>\n\t\t\t<\/div><\/figure><figure class='gallery-item'>\n\t\t\t<div class='gallery-icon landscape'>\n\t\t\t\t<a href='http:\/\/hfsucher.kklick.com\/?attachment_id=1721'><img loading=\"lazy\" decoding=\"async\" width=\"150\" height=\"150\" src=\"http:\/\/hfsucher.kklick.com\/wp-content\/uploads\/2014\/07\/I0362-Meissen-150x150.jpg\" class=\"attachment-thumbnail size-thumbnail\" alt=\"\" \/><\/a>\n\t\t\t<\/div><\/figure><figure class='gallery-item'>\n\t\t\t<div class='gallery-icon portrait'>\n\t\t\t\t<a href='http:\/\/hfsucher.kklick.com\/?attachment_id=1722'><img loading=\"lazy\" decoding=\"async\" width=\"150\" height=\"150\" src=\"http:\/\/hfsucher.kklick.com\/wp-content\/uploads\/2014\/07\/I0363-Meissen-150x150.jpg\" class=\"attachment-thumbnail size-thumbnail\" alt=\"\" \/><\/a>\n\t\t\t<\/div><\/figure><figure class='gallery-item'>\n\t\t\t<div class='gallery-icon portrait'>\n\t\t\t\t<a href='http:\/\/hfsucher.kklick.com\/?attachment_id=1724'><img loading=\"lazy\" decoding=\"async\" width=\"150\" height=\"150\" src=\"http:\/\/hfsucher.kklick.com\/wp-content\/uploads\/2014\/07\/I0365-Meissen-150x150.jpg\" class=\"attachment-thumbnail size-thumbnail\" alt=\"\" \/><\/a>\n\t\t\t<\/div><\/figure>\n\t\t<\/div>\n<\/td>\n<\/tr>\n<\/tbody>\n<\/table>\n<p><!-- n\u00e4chste Tabelle                                        --><\/p>\n<table style=\"color: #eee8aa;\" border=\"0\" width=\"600\" cellspacing=\"0\" cellpadding=\"1\">\n<tbody>\n<tr>\n<td><strong><span style=\"color: #3366ff;\"> Details<\/span><\/strong><\/td>\n<\/tr>\n<tr align=\"center\" valign=\"top\">\n<td><div id='gallery-2' class='gallery galleryid-1744 gallery-columns-3 gallery-size-thumbnail'><figure class='gallery-item'>\n\t\t\t<div class='gallery-icon landscape'>\n\t\t\t\t<a href='http:\/\/hfsucher.kklick.com\/?attachment_id=1733'><img loading=\"lazy\" decoding=\"async\" width=\"150\" height=\"150\" src=\"http:\/\/hfsucher.kklick.com\/wp-content\/uploads\/2014\/07\/I0371A-Meissen-150x150.jpg\" class=\"attachment-thumbnail size-thumbnail\" alt=\"\" \/><\/a>\n\t\t\t<\/div><\/figure><figure class='gallery-item'>\n\t\t\t<div class='gallery-icon landscape'>\n\t\t\t\t<a href='http:\/\/hfsucher.kklick.com\/?attachment_id=1732'><img loading=\"lazy\" decoding=\"async\" width=\"150\" height=\"150\" src=\"http:\/\/hfsucher.kklick.com\/wp-content\/uploads\/2014\/07\/I0370A-Meissen-150x150.jpg\" class=\"attachment-thumbnail size-thumbnail\" alt=\"\" \/><\/a>\n\t\t\t<\/div><\/figure><figure class='gallery-item'>\n\t\t\t<div class='gallery-icon landscape'>\n\t\t\t\t<a href='http:\/\/hfsucher.kklick.com\/?attachment_id=1729'><img loading=\"lazy\" decoding=\"async\" width=\"150\" height=\"150\" src=\"http:\/\/hfsucher.kklick.com\/wp-content\/uploads\/2014\/07\/I0366-Meissen-150x150.jpg\" class=\"attachment-thumbnail size-thumbnail\" alt=\"\" \/><\/a>\n\t\t\t<\/div><\/figure><figure class='gallery-item'>\n\t\t\t<div class='gallery-icon landscape'>\n\t\t\t\t<a href='http:\/\/hfsucher.kklick.com\/?attachment_id=1730'><img loading=\"lazy\" decoding=\"async\" width=\"150\" height=\"150\" src=\"http:\/\/hfsucher.kklick.com\/wp-content\/uploads\/2014\/07\/I0367-Meissen-150x150.jpg\" class=\"attachment-thumbnail size-thumbnail\" alt=\"\" \/><\/a>\n\t\t\t<\/div><\/figure><figure class='gallery-item'>\n\t\t\t<div class='gallery-icon landscape'>\n\t\t\t\t<a href='http:\/\/hfsucher.kklick.com\/?attachment_id=1731'><img loading=\"lazy\" decoding=\"async\" width=\"150\" height=\"150\" src=\"http:\/\/hfsucher.kklick.com\/wp-content\/uploads\/2014\/07\/I0369A-Meissen-150x150.jpg\" class=\"attachment-thumbnail size-thumbnail\" alt=\"\" \/><\/a>\n\t\t\t<\/div><\/figure><figure class='gallery-item'>\n\t\t\t<div class='gallery-icon landscape'>\n\t\t\t\t<a href='http:\/\/hfsucher.kklick.com\/?attachment_id=1734'><img loading=\"lazy\" decoding=\"async\" width=\"150\" height=\"150\" src=\"http:\/\/hfsucher.kklick.com\/wp-content\/uploads\/2014\/07\/I0372A-Meissen-150x150.jpg\" class=\"attachment-thumbnail size-thumbnail\" alt=\"\" \/><\/a>\n\t\t\t<\/div><\/figure><figure class='gallery-item'>\n\t\t\t<div class='gallery-icon landscape'>\n\t\t\t\t<a href='http:\/\/hfsucher.kklick.com\/?attachment_id=1735'><img loading=\"lazy\" decoding=\"async\" width=\"150\" height=\"150\" src=\"http:\/\/hfsucher.kklick.com\/wp-content\/uploads\/2014\/07\/I0373A-Meissen-150x150.jpg\" class=\"attachment-thumbnail size-thumbnail\" alt=\"\" \/><\/a>\n\t\t\t<\/div><\/figure><figure class='gallery-item'>\n\t\t\t<div class='gallery-icon landscape'>\n\t\t\t\t<a href='http:\/\/hfsucher.kklick.com\/?attachment_id=1737'><img loading=\"lazy\" decoding=\"async\" width=\"150\" height=\"150\" src=\"http:\/\/hfsucher.kklick.com\/wp-content\/uploads\/2014\/07\/I0374A-Meissen-150x150.jpg\" class=\"attachment-thumbnail size-thumbnail\" alt=\"\" \/><\/a>\n\t\t\t<\/div><\/figure><figure class='gallery-item'>\n\t\t\t<div class='gallery-icon landscape'>\n\t\t\t\t<a href='http:\/\/hfsucher.kklick.com\/?attachment_id=1738'><img loading=\"lazy\" decoding=\"async\" width=\"150\" height=\"150\" src=\"http:\/\/hfsucher.kklick.com\/wp-content\/uploads\/2014\/07\/I0375A-Meissen-150x150.jpg\" class=\"attachment-thumbnail size-thumbnail\" alt=\"\" \/><\/a>\n\t\t\t<\/div><\/figure><figure class='gallery-item'>\n\t\t\t<div class='gallery-icon landscape'>\n\t\t\t\t<a href='http:\/\/hfsucher.kklick.com\/?attachment_id=1739'><img loading=\"lazy\" decoding=\"async\" width=\"150\" height=\"150\" src=\"http:\/\/hfsucher.kklick.com\/wp-content\/uploads\/2014\/07\/I0376A-Meissen-150x150.jpg\" class=\"attachment-thumbnail size-thumbnail\" alt=\"\" \/><\/a>\n\t\t\t<\/div><\/figure>\n\t\t<\/div>\n<\/td>\n<\/tr>\n<\/tbody>\n<\/table>\n<p><!--     --><\/p>\n<p><!--   --><br \/>\n<!--                        Abschluss Seitentabelle    ...    --><\/td>\n<\/tr>\n<\/tbody>\n<\/table>\n<p><!--            Hier endet die Seitentabelle  .............  --><\/p>\n<p><!--  --> <!--  Zellen fuer Disclaimer --><br \/>\n<!--  Zellen fuer Disclaimer --><br \/>\n<!--  --><br \/>\n<!--  --><\/p>\n<table style=\"color: #0000ff;\" border=\"0\" width=\"510\" cellspacing=\"0\" cellpadding=\"2\" bgcolor=\"#0ce0c0\">\n<tbody>\n<tr>\n<td style=\"text-align: center; color: #000000;\" align=\"middle\" valign=\"Center\" width=\"170\"><span style=\"font-size: 12px;\"> <strong><span style=\"color: #3366ff;\"><a title=\"Disclaimer\" href=\"http:\/\/hfsucher.kklick.com\/?page_id=132\"><span style=\"color: #3366ff;\">Disclaimer<\/span><\/a><\/span><\/strong><br \/>\n<\/span><\/td>\n<td style=\"text-align: center; color: #000000;\" align=\"middle\" valign=\"Center\" width=\"170\"><a title=\"Start\" href=\"http:\/\/hfsucher.kklick.com\/\"><strong><span style=\"color: #0000ff;\"><span style=\"font-size: 12px;\">Start<\/span><\/span><\/strong><\/a><\/td>\n<td style=\"text-align: center; color: #000000;\" align=\"middle\" valign=\"Center\" width=\"170\"><span style=\"font-size: 12px;\"><a title=\"Orte und St\u00e4dte\" href=\"http:\/\/hfsucher.kklick.com\/?page_id=195\"> <strong><span style=\"color: #0000ff;\">Zur\u00fcck<\/span><\/strong><\/a><br \/>\n<\/span><\/td>\n<\/tr>\n<\/tbody>\n<\/table>\n","protected":false},"excerpt":{"rendered":"<p>Mei\u00dfen MEISA hie\u00df das Dorf, das sich unterhalb der Burg MISNIA zur Marktsiedlung und dann zur Stadt entwickelte. K\u00f6nig Heinrich I. hatte die Burg etwa 929 zum Schutz gegen die einfallenden Horden aus dem Osten gegr\u00fcndet. Seit 968 war Mei\u00dfen Sitz des Bistums Mei\u00dfen und hat dadurch einen starken Einfluss auf die Entwicklung Sachsens genommen. &hellip; <a href=\"http:\/\/hfsucher.kklick.com\/?page_id=1744\" class=\"more-link\"><span class=\"screen-reader-text\">Mei\u00dfen<\/span> weiterlesen <span class=\"meta-nav\">&rarr;<\/span><\/a><\/p>\n","protected":false},"author":1,"featured_media":1749,"parent":195,"menu_order":3,"comment_status":"closed","ping_status":"closed","template":"","meta":{"footnotes":""},"class_list":["post-1744","page","type-page","status-publish","has-post-thumbnail","hentry"],"_links":{"self":[{"href":"http:\/\/hfsucher.kklick.com\/index.php?rest_route=\/wp\/v2\/pages\/1744","targetHints":{"allow":["GET"]}}],"collection":[{"href":"http:\/\/hfsucher.kklick.com\/index.php?rest_route=\/wp\/v2\/pages"}],"about":[{"href":"http:\/\/hfsucher.kklick.com\/index.php?rest_route=\/wp\/v2\/types\/page"}],"author":[{"embeddable":true,"href":"http:\/\/hfsucher.kklick.com\/index.php?rest_route=\/wp\/v2\/users\/1"}],"replies":[{"embeddable":true,"href":"http:\/\/hfsucher.kklick.com\/index.php?rest_route=%2Fwp%2Fv2%2Fcomments&post=1744"}],"version-history":[{"count":1,"href":"http:\/\/hfsucher.kklick.com\/index.php?rest_route=\/wp\/v2\/pages\/1744\/revisions"}],"predecessor-version":[{"id":1745,"href":"http:\/\/hfsucher.kklick.com\/index.php?rest_route=\/wp\/v2\/pages\/1744\/revisions\/1745"}],"up":[{"embeddable":true,"href":"http:\/\/hfsucher.kklick.com\/index.php?rest_route=\/wp\/v2\/pages\/195"}],"wp:featuredmedia":[{"embeddable":true,"href":"http:\/\/hfsucher.kklick.com\/index.php?rest_route=\/wp\/v2\/media\/1749"}],"wp:attachment":[{"href":"http:\/\/hfsucher.kklick.com\/index.php?rest_route=%2Fwp%2Fv2%2Fmedia&parent=1744"}],"curies":[{"name":"wp","href":"https:\/\/api.w.org\/{rel}","templated":true}]}}