{"id":1763,"date":"2014-07-09T23:29:15","date_gmt":"2014-07-09T23:29:15","guid":{"rendered":"http:\/\/hfsucher.kklick.com\/?page_id=1763"},"modified":"2014-07-11T10:44:16","modified_gmt":"2014-07-11T10:44:16","slug":"der-baum","status":"publish","type":"page","link":"http:\/\/hfsucher.kklick.com\/?page_id=1763","title":{"rendered":"Der Baum"},"content":{"rendered":"<p><a name=\"Top1723\"><\/a><br \/>\n<!--      --><\/p>\n<table border=\"0\" width=\"100%\" cellspacing=\"0\" cellpadding=\"2\" bgcolor=\"#c0dcc0\">\n<tbody>\n<tr valign=\"top\">\n<td height=\"600\"><!--    .-.        Beginn Seitentabelle .-.    --><\/p>\n<table style=\"color: #eee8aa;\" border=\"0\" width=\"600\" cellspacing=\"0\" cellpadding=\"1\">\n<tbody>\n<tr><!--  Anker B\u00e4ume01                                        --> <!--              .-.               --><\/p>\n<td style=\"text-align: center;\">\n<h4><strong><span style=\"color: #0000ff;\">B\u00e4ume<\/span><\/strong><\/h4>\n<p><span style=\"font-family: Arial; color: #000000; font-size: 11px;\">B\u00e4ume geh\u00f6ren zu meinen Lieblingsmotiven. Nicht nur weil sie sich nicht wegbewegen. B\u00e4ume sind einfach perfekt.<\/span><br \/>\n<div id='gallery-1' class='gallery galleryid-1763 gallery-columns-3 gallery-size-thumbnail'><figure class='gallery-item'>\n\t\t\t<div class='gallery-icon landscape'>\n\t\t\t\t<a href='http:\/\/hfsucher.kklick.com\/?attachment_id=1824'><img loading=\"lazy\" decoding=\"async\" width=\"150\" height=\"150\" src=\"http:\/\/hfsucher.kklick.com\/wp-content\/uploads\/2014\/07\/I0209-Der-Baum-150x150.jpg\" class=\"attachment-thumbnail size-thumbnail\" alt=\"\" \/><\/a>\n\t\t\t<\/div><\/figure><figure class='gallery-item'>\n\t\t\t<div class='gallery-icon portrait'>\n\t\t\t\t<a href='http:\/\/hfsucher.kklick.com\/?attachment_id=1841'><img loading=\"lazy\" decoding=\"async\" width=\"150\" height=\"150\" src=\"http:\/\/hfsucher.kklick.com\/wp-content\/uploads\/2014\/07\/I3448-Der-Baum-150x150.jpg\" class=\"attachment-thumbnail size-thumbnail\" alt=\"\" \/><\/a>\n\t\t\t<\/div><\/figure><figure class='gallery-item'>\n\t\t\t<div class='gallery-icon landscape'>\n\t\t\t\t<a href='http:\/\/hfsucher.kklick.com\/?attachment_id=1840'><img loading=\"lazy\" decoding=\"async\" width=\"150\" height=\"150\" src=\"http:\/\/hfsucher.kklick.com\/wp-content\/uploads\/2014\/07\/I3446-Der-Baum-150x150.jpg\" class=\"attachment-thumbnail size-thumbnail\" alt=\"\" \/><\/a>\n\t\t\t<\/div><\/figure><figure class='gallery-item'>\n\t\t\t<div class='gallery-icon landscape'>\n\t\t\t\t<a href='http:\/\/hfsucher.kklick.com\/?attachment_id=1839'><img loading=\"lazy\" decoding=\"async\" width=\"150\" height=\"150\" src=\"http:\/\/hfsucher.kklick.com\/wp-content\/uploads\/2014\/07\/I3443-Der-Baum-B-150x150.jpg\" class=\"attachment-thumbnail size-thumbnail\" alt=\"\" \/><\/a>\n\t\t\t<\/div><\/figure><figure class='gallery-item'>\n\t\t\t<div class='gallery-icon landscape'>\n\t\t\t\t<a href='http:\/\/hfsucher.kklick.com\/?attachment_id=1838'><img loading=\"lazy\" decoding=\"async\" width=\"150\" height=\"150\" src=\"http:\/\/hfsucher.kklick.com\/wp-content\/uploads\/2014\/07\/I3443B-Der-Baum-150x150.jpg\" class=\"attachment-thumbnail size-thumbnail\" alt=\"\" \/><\/a>\n\t\t\t<\/div><\/figure><figure class='gallery-item'>\n\t\t\t<div class='gallery-icon landscape'>\n\t\t\t\t<a href='http:\/\/hfsucher.kklick.com\/?attachment_id=1835'><img loading=\"lazy\" decoding=\"async\" width=\"150\" height=\"150\" src=\"http:\/\/hfsucher.kklick.com\/wp-content\/uploads\/2014\/07\/I3024-Der-Baum-150x150.jpg\" class=\"attachment-thumbnail size-thumbnail\" alt=\"\" \/><\/a>\n\t\t\t<\/div><\/figure><figure class='gallery-item'>\n\t\t\t<div class='gallery-icon portrait'>\n\t\t\t\t<a href='http:\/\/hfsucher.kklick.com\/?attachment_id=1834'><img loading=\"lazy\" decoding=\"async\" width=\"150\" height=\"150\" src=\"http:\/\/hfsucher.kklick.com\/wp-content\/uploads\/2014\/07\/I3023-Der-Baum-150x150.jpg\" class=\"attachment-thumbnail size-thumbnail\" alt=\"\" \/><\/a>\n\t\t\t<\/div><\/figure><figure class='gallery-item'>\n\t\t\t<div class='gallery-icon landscape'>\n\t\t\t\t<a href='http:\/\/hfsucher.kklick.com\/?attachment_id=1833'><img loading=\"lazy\" decoding=\"async\" width=\"150\" height=\"150\" src=\"http:\/\/hfsucher.kklick.com\/wp-content\/uploads\/2014\/07\/I2905-Der-Baum-150x150.jpg\" class=\"attachment-thumbnail size-thumbnail\" alt=\"\" \/><\/a>\n\t\t\t<\/div><\/figure><figure class='gallery-item'>\n\t\t\t<div class='gallery-icon landscape'>\n\t\t\t\t<a href='http:\/\/hfsucher.kklick.com\/?attachment_id=1832'><img loading=\"lazy\" decoding=\"async\" width=\"150\" height=\"150\" src=\"http:\/\/hfsucher.kklick.com\/wp-content\/uploads\/2014\/07\/I2900-Der-Baum-150x150.jpg\" class=\"attachment-thumbnail size-thumbnail\" alt=\"\" \/><\/a>\n\t\t\t<\/div><\/figure><figure class='gallery-item'>\n\t\t\t<div class='gallery-icon landscape'>\n\t\t\t\t<a href='http:\/\/hfsucher.kklick.com\/?attachment_id=1831'><img loading=\"lazy\" decoding=\"async\" width=\"150\" height=\"150\" src=\"http:\/\/hfsucher.kklick.com\/wp-content\/uploads\/2014\/07\/I2899-Der-Baum-150x150.jpg\" class=\"attachment-thumbnail size-thumbnail\" alt=\"\" \/><\/a>\n\t\t\t<\/div><\/figure><figure class='gallery-item'>\n\t\t\t<div class='gallery-icon portrait'>\n\t\t\t\t<a href='http:\/\/hfsucher.kklick.com\/?attachment_id=1830'><img loading=\"lazy\" decoding=\"async\" width=\"150\" height=\"150\" src=\"http:\/\/hfsucher.kklick.com\/wp-content\/uploads\/2014\/07\/I2898-Der-Baum-150x150.jpg\" class=\"attachment-thumbnail size-thumbnail\" alt=\"\" \/><\/a>\n\t\t\t<\/div><\/figure><figure class='gallery-item'>\n\t\t\t<div class='gallery-icon landscape'>\n\t\t\t\t<a href='http:\/\/hfsucher.kklick.com\/?attachment_id=1827'><img loading=\"lazy\" decoding=\"async\" width=\"150\" height=\"150\" src=\"http:\/\/hfsucher.kklick.com\/wp-content\/uploads\/2014\/07\/I0716-Der-Baum-150x150.jpg\" class=\"attachment-thumbnail size-thumbnail\" alt=\"\" \/><\/a>\n\t\t\t<\/div><\/figure><figure class='gallery-item'>\n\t\t\t<div class='gallery-icon landscape'>\n\t\t\t\t<a href='http:\/\/hfsucher.kklick.com\/?attachment_id=1829'><img loading=\"lazy\" decoding=\"async\" width=\"150\" height=\"150\" src=\"http:\/\/hfsucher.kklick.com\/wp-content\/uploads\/2014\/07\/I2897-Der-Baum-150x150.jpg\" class=\"attachment-thumbnail size-thumbnail\" alt=\"\" \/><\/a>\n\t\t\t<\/div><\/figure><figure class='gallery-item'>\n\t\t\t<div class='gallery-icon landscape'>\n\t\t\t\t<a href='http:\/\/hfsucher.kklick.com\/?attachment_id=1826'><img loading=\"lazy\" decoding=\"async\" width=\"150\" height=\"150\" src=\"http:\/\/hfsucher.kklick.com\/wp-content\/uploads\/2014\/07\/I0665-Der-Baum-150x150.jpg\" class=\"attachment-thumbnail size-thumbnail\" alt=\"\" \/><\/a>\n\t\t\t<\/div><\/figure><figure class='gallery-item'>\n\t\t\t<div class='gallery-icon landscape'>\n\t\t\t\t<a href='http:\/\/hfsucher.kklick.com\/?attachment_id=1825'><img loading=\"lazy\" decoding=\"async\" width=\"150\" height=\"150\" src=\"http:\/\/hfsucher.kklick.com\/wp-content\/uploads\/2014\/07\/I0663-Der-Baum-150x150.jpg\" class=\"attachment-thumbnail size-thumbnail\" alt=\"\" \/><\/a>\n\t\t\t<\/div><\/figure><figure class='gallery-item'>\n\t\t\t<div class='gallery-icon portrait'>\n\t\t\t\t<a href='http:\/\/hfsucher.kklick.com\/?attachment_id=1823'><img loading=\"lazy\" decoding=\"async\" width=\"150\" height=\"150\" src=\"http:\/\/hfsucher.kklick.com\/wp-content\/uploads\/2014\/07\/I0204-Der-Baum-150x150.jpg\" class=\"attachment-thumbnail size-thumbnail\" alt=\"\" \/><\/a>\n\t\t\t<\/div><\/figure><figure class='gallery-item'>\n\t\t\t<div class='gallery-icon portrait'>\n\t\t\t\t<a href='http:\/\/hfsucher.kklick.com\/?attachment_id=1822'><img loading=\"lazy\" decoding=\"async\" width=\"150\" height=\"150\" src=\"http:\/\/hfsucher.kklick.com\/wp-content\/uploads\/2014\/07\/I0203-Der-Baum-150x150.jpg\" class=\"attachment-thumbnail size-thumbnail\" alt=\"\" \/><\/a>\n\t\t\t<\/div><\/figure><figure class='gallery-item'>\n\t\t\t<div class='gallery-icon landscape'>\n\t\t\t\t<a href='http:\/\/hfsucher.kklick.com\/?attachment_id=1821'><img loading=\"lazy\" decoding=\"async\" width=\"150\" height=\"150\" src=\"http:\/\/hfsucher.kklick.com\/wp-content\/uploads\/2014\/07\/I0197-Der-Baum-150x150.jpg\" class=\"attachment-thumbnail size-thumbnail\" alt=\"\" \/><\/a>\n\t\t\t<\/div><\/figure><figure class='gallery-item'>\n\t\t\t<div class='gallery-icon portrait'>\n\t\t\t\t<a href='http:\/\/hfsucher.kklick.com\/?attachment_id=1820'><img loading=\"lazy\" decoding=\"async\" width=\"150\" height=\"150\" src=\"http:\/\/hfsucher.kklick.com\/wp-content\/uploads\/2014\/07\/I0194-Der-Baum-150x150.jpg\" class=\"attachment-thumbnail size-thumbnail\" alt=\"\" \/><\/a>\n\t\t\t<\/div><\/figure><figure class='gallery-item'>\n\t\t\t<div class='gallery-icon portrait'>\n\t\t\t\t<a href='http:\/\/hfsucher.kklick.com\/?attachment_id=1819'><img loading=\"lazy\" decoding=\"async\" width=\"150\" height=\"150\" src=\"http:\/\/hfsucher.kklick.com\/wp-content\/uploads\/2014\/07\/I0107-Der-Baum-150x150.jpg\" class=\"attachment-thumbnail size-thumbnail\" alt=\"\" \/><\/a>\n\t\t\t<\/div><\/figure><figure class='gallery-item'>\n\t\t\t<div class='gallery-icon landscape'>\n\t\t\t\t<a href='http:\/\/hfsucher.kklick.com\/?attachment_id=1818'><img loading=\"lazy\" decoding=\"async\" width=\"150\" height=\"150\" src=\"http:\/\/hfsucher.kklick.com\/wp-content\/uploads\/2014\/07\/I0106-Der-Baum-150x150.jpg\" class=\"attachment-thumbnail size-thumbnail\" alt=\"\" \/><\/a>\n\t\t\t<\/div><\/figure>\n\t\t<\/div>\n<\/p>\n<p>&nbsp;<\/td>\n<\/tr>\n<\/tbody>\n<\/table>\n<p><!--                 Abschlu\u00df Seitentabelle           --><\/td>\n<\/tr>\n<\/tbody>\n<\/table>\n<p><a href=\"#Top1723\">Nach oben<\/a><\/p>\n<p><!--          .-.-.         Ende Seitentabelle .-.-.     --><\/p>\n<p><!--  --> <!--  Zellen fuer Disclaimer --><br \/>\n<!-- Disclaimer --><br \/>\n<!--  --><\/p>\n<table style=\"color: #0000ff;\" border=\"0\" width=\"600\" cellspacing=\"0\" cellpadding=\"2\" bgcolor=\"#0ce0c0\">\n<tbody>\n<tr>\n<td style=\"text-align: center; color: #000000;\" align=\"middle\" valign=\"Center\" width=\"170\"><span style=\"font-size: 12px;\"> <strong><span style=\"color: #3366ff;\"><a title=\"Disclaimer\" href=\"http:\/\/hfsucher.kklick.com\/?page_id=132\"><span style=\"color: #3366ff;\">Disclaimer<\/span><\/a><\/span><\/strong><br \/>\n<\/span><\/td>\n<td style=\"text-align: center; color: #000000;\" align=\"middle\" valign=\"Center\" width=\"170\"><a title=\"Start\" href=\"http:\/\/hfsucher.kklick.com\/\"><strong><span style=\"color: #0000ff;\"><span style=\"font-size: 12px;\">Start<\/span><\/span><\/strong><\/a><\/td>\n<td style=\"text-align: center; color: #000000;\" align=\"middle\" valign=\"Center\" width=\"170\"><span style=\"font-size: 12px;\"><a title=\"Landschaften\" href=\"http:\/\/hfsucher.kklick.com\/?page_id=712\"> <strong><span style=\"color: #0000ff;\">Zur\u00fcck<\/span><\/strong><\/a><br \/>\n<\/span><\/td>\n<\/tr>\n<\/tbody>\n<\/table>\n","protected":false},"excerpt":{"rendered":"<p>B\u00e4ume B\u00e4ume geh\u00f6ren zu meinen Lieblingsmotiven. Nicht nur weil sie sich nicht wegbewegen. B\u00e4ume sind einfach perfekt. &nbsp; Nach oben Disclaimer Start Zur\u00fcck<\/p>\n","protected":false},"author":1,"featured_media":1836,"parent":712,"menu_order":3,"comment_status":"closed","ping_status":"closed","template":"","meta":{"footnotes":""},"class_list":["post-1763","page","type-page","status-publish","has-post-thumbnail","hentry"],"_links":{"self":[{"href":"http:\/\/hfsucher.kklick.com\/index.php?rest_route=\/wp\/v2\/pages\/1763","targetHints":{"allow":["GET"]}}],"collection":[{"href":"http:\/\/hfsucher.kklick.com\/index.php?rest_route=\/wp\/v2\/pages"}],"about":[{"href":"http:\/\/hfsucher.kklick.com\/index.php?rest_route=\/wp\/v2\/types\/page"}],"author":[{"embeddable":true,"href":"http:\/\/hfsucher.kklick.com\/index.php?rest_route=\/wp\/v2\/users\/1"}],"replies":[{"embeddable":true,"href":"http:\/\/hfsucher.kklick.com\/index.php?rest_route=%2Fwp%2Fv2%2Fcomments&post=1763"}],"version-history":[{"count":10,"href":"http:\/\/hfsucher.kklick.com\/index.php?rest_route=\/wp\/v2\/pages\/1763\/revisions"}],"predecessor-version":[{"id":1846,"href":"http:\/\/hfsucher.kklick.com\/index.php?rest_route=\/wp\/v2\/pages\/1763\/revisions\/1846"}],"up":[{"embeddable":true,"href":"http:\/\/hfsucher.kklick.com\/index.php?rest_route=\/wp\/v2\/pages\/712"}],"wp:featuredmedia":[{"embeddable":true,"href":"http:\/\/hfsucher.kklick.com\/index.php?rest_route=\/wp\/v2\/media\/1836"}],"wp:attachment":[{"href":"http:\/\/hfsucher.kklick.com\/index.php?rest_route=%2Fwp%2Fv2%2Fmedia&parent=1763"}],"curies":[{"name":"wp","href":"https:\/\/api.w.org\/{rel}","templated":true}]}}