{"id":2324,"date":"2014-07-26T08:07:40","date_gmt":"2014-07-26T08:07:40","guid":{"rendered":"http:\/\/hfsucher.kklick.com\/?page_id=2324"},"modified":"2014-07-26T09:53:23","modified_gmt":"2014-07-26T09:53:23","slug":"sankt-laurentius-kirche-in-steele","status":"publish","type":"page","link":"http:\/\/hfsucher.kklick.com\/?page_id=2324","title":{"rendered":"Sankt Laurentius Kirche in Steele"},"content":{"rendered":"<table style=\"color: #000000;\" border=\"2\" width=\"600\" cellspacing=\"5\" cellpadding=\"2\" bgcolor=\"#98fb98\">\n<tbody>\n<tr><!--  <!--  --><!--  --><!--  --><\/p>\n<td style=\"text-align: left; color: #000000;\" valign=\"top\" bgcolor=\"#98fb98\" height=\"300\">Die Pfarrkirche St. Laurentius in Essen-Steele, von den Steelensern (nicht Steelern!) auch gerne als &#8222;Steeler Dom&#8220; bezeichnet, bestimmt seit ihrer Einweihung am 20. Mai 1875 das Stadtbild von Steele. Die dreischiffige, neugotische Basilika ist ab 1869 an Stelle der alten Kirche erbaut worden. Weil an anderer Stelle nicht gen\u00fcgend Raum f\u00fcr die Gottesdienste zu Verf\u00fcgung stand, entstand die Idee das der Bau Zug um Zug erfolgten sollte, das hei\u00dft das w\u00e4hrend der Bauarbeiten f\u00fcr den neuen Dom wurde in der alten Kirche weiter die Messe gelesen. Ab 1872 &#8211; vor der offiziellen Einweihung &#8211; konnte im bereits fertig gestellten Teil des Domes Gottesdienst abgehalten werden w\u00e4hrenddessen die alte Kirche vollst\u00e4ndig abgebrochen werden konnte. Im Verlauf der Bauarbeiten stellte sich heraus, dass die veranschlagten Baukosten von 71.000 Talern nicht ausreichen w\u00fcrden. Es musste, mit Genehmigung des Erzbischofs in K\u00f6ln, das Budget durch ein Darlehen von 20.000 Talern erh\u00f6ht werden. Eine Folge der Kostensteigerung war das statt der zwei T\u00fcrme nur ein Hauptturm mit 63m H\u00f6he errichtet werden konnte. Auch f\u00fcr ein &#8222;ordentliches Gel\u00e4ut&#8220; war nicht gen\u00fcgend Geld vorhanden, so das versucht wurde das Material f\u00fcr neue Glocken vom Kriegsministerium zu erhalten. Im deutsch-franz\u00f6sischen Krieg 1870\/71 waren viele franz\u00f6sische Gesch\u00fctze beschlagnahmt worden und die Gesch\u00fctzbronze war wohl ein geeignetes Material f\u00fcr Glocken. Das Ansinnen wurde jedoch abschl\u00e4gig beschieden. Die Laurentiusgemeinde gab trotzdem eine gro\u00dfe, neue Glocke in Auftrag die im Juni 1874 im Turm aufgeh\u00e4ngt wurde. Der Dom wurde am 23. Oktober 1944 durch die Wirkung einer Luftmine schwer besch\u00e4digt. Weitere Sch\u00e4den wurden der Kirche durch die acht Artilleriegranaten zugef\u00fcgt, die amerikanische Truppen abgefeuert hatten bevor sie vor Ostern 1945 in Steele einmarschierten. Der Wiederaufbau der Kirche begann bereits im Juli 1945 und am 19.12.1948 konnte der &#8222;Steeler Dom&#8220; wiederum geweiht werden. Weitere Restaurationsarbeiten zogen sich bis in die 1960er Jahre hin. In den Jahren 1969 bis 1971 erfolgten schlie\u00dflich eine Renovierung und der Umbau des Innenraumes der Kirche.<br \/>\nQuelle: www.sankt-laurentius.info<br \/>\n&#8212;&#8212;&#8212;&#8212;&#8212;&#8212;&#8212;&#8212;&#8212;<br \/>\n<img loading=\"lazy\" decoding=\"async\" class=\"aligncenter wp-image-2267\" src=\"http:\/\/hfsucher.kklick.com\/wp-content\/uploads\/2014\/07\/St-Laurentius-vom-Laurentiusweg.jpg\" alt=\"St Laurentius vom Laurentiusweg\" width=\"600\" height=\"425\" srcset=\"http:\/\/hfsucher.kklick.com\/wp-content\/uploads\/2014\/07\/St-Laurentius-vom-Laurentiusweg.jpg 1024w, http:\/\/hfsucher.kklick.com\/wp-content\/uploads\/2014\/07\/St-Laurentius-vom-Laurentiusweg-300x212.jpg 300w\" sizes=\"auto, (max-width: 600px) 100vw, 600px\" \/>Blick auf St. Laurentius aus Richtung Carl-Humann-Gymnasium.<br \/>\n<!--                                                           --><br \/>\n<img loading=\"lazy\" decoding=\"async\" class=\"aligncenter wp-image-2266\" src=\"http:\/\/hfsucher.kklick.com\/wp-content\/uploads\/2014\/07\/St-Laurentius-aus-Richtung-Brinkerplatz.jpg\" alt=\"St Laurentius aus Richtung Brinkerplatz\" width=\"420\" height=\"600\" srcset=\"http:\/\/hfsucher.kklick.com\/wp-content\/uploads\/2014\/07\/St-Laurentius-aus-Richtung-Brinkerplatz.jpg 717w, http:\/\/hfsucher.kklick.com\/wp-content\/uploads\/2014\/07\/St-Laurentius-aus-Richtung-Brinkerplatz-210x300.jpg 210w\" sizes=\"auto, (max-width: 420px) 100vw, 420px\" \/><!--                                                           -->Die Laurentiuskirche aus Richtung Norden.<a href=\"http:\/\/hfsucher.kklick.com\/wp-content\/uploads\/2014\/07\/St-Laurentius-aus-dem-Friedhofstor-2.jpg\"><img loading=\"lazy\" decoding=\"async\" class=\"aligncenter wp-image-2312 size-full\" src=\"http:\/\/hfsucher.kklick.com\/wp-content\/uploads\/2014\/07\/St-Laurentius-aus-dem-Friedhofstor-2.jpg\" alt=\"St Laurentius aus dem Friedhofstor 2\" width=\"412\" height=\"600\" srcset=\"http:\/\/hfsucher.kklick.com\/wp-content\/uploads\/2014\/07\/St-Laurentius-aus-dem-Friedhofstor-2.jpg 412w, http:\/\/hfsucher.kklick.com\/wp-content\/uploads\/2014\/07\/St-Laurentius-aus-dem-Friedhofstor-2-206x300.jpg 206w\" sizes=\"auto, (max-width: 412px) 100vw, 412px\" \/><\/a>St. Laurentius durch das Eingangstor zum alten Friedhof. Unten links die kath. Laurentiusschule.<img loading=\"lazy\" decoding=\"async\" class=\"aligncenter wp-image-2319 size-full\" src=\"http:\/\/hfsucher.kklick.com\/wp-content\/uploads\/2014\/07\/Laurentiusweg-t1b-e1406360629879.jpg\" alt=\"Laurentiusweg-t1b\" width=\"600\" height=\"418\" \/>Ansicht vom Laurentiusweg hinunter. Standort etwa Laurentius-Krankenhaus.<br \/>\nLinks vorne das Carl-Humann-Gymnasium.<img loading=\"lazy\" decoding=\"async\" class=\"aligncenter wp-image-2264 size-full\" src=\"http:\/\/hfsucher.kklick.com\/wp-content\/uploads\/2014\/07\/St-Laurentius-Aufgang-e1406360832481.jpg\" alt=\"St Laurentius Aufgang\" width=\"600\" height=\"424\" \/>Treppenaufgang im Kirchspiel zum Laurentiusberg und zur Kirche.<img loading=\"lazy\" decoding=\"async\" class=\"aligncenter wp-image-2232 size-full\" src=\"http:\/\/hfsucher.kklick.com\/wp-content\/uploads\/2014\/07\/Im-Kirchspiel-1-e1406360934642.jpg\" alt=\"Im Kirchspiel 1\" width=\"405\" height=\"600\" \/><br \/>\n<img loading=\"lazy\" decoding=\"async\" class=\"aligncenter wp-image-2321 size-full\" src=\"http:\/\/hfsucher.kklick.com\/wp-content\/uploads\/2014\/07\/Alt-Steele1-e1406361288865.jpg\" alt=\"Alt -Steele\" width=\"414\" height=\"600\" \/>Blick in das Kirchspiel von der Hansastra\u00dfe aus.<br \/>\n<!--  .......................................................  --><br \/>\n<img loading=\"lazy\" decoding=\"async\" class=\"aligncenter wp-image-2247 size-full\" src=\"http:\/\/hfsucher.kklick.com\/wp-content\/uploads\/2014\/07\/Laurentius-von-derWestfalenstra\u00dfe-e1406360975144.jpg\" alt=\"Laurentius von derWestfalenstra\u00dfe\" width=\"424\" height=\"600\" \/>Blick von der Westfalenstra\u00dfe aus in die Pa\u00dfstra\u00dfe mit St. Laurentius.<\/p>\n<h3 style=\"text-align: center;\"><\/h3>\n<\/td>\n<\/tr>\n<\/tbody>\n<\/table>\n<p><!--  --> <!--  Zellen fuer Disclaimer --><br \/>\n<!-- Disclaimer --><br \/>\n<!--  --><\/p>\n<table style=\"color: #0000ff;\" border=\"0\" width=\"600\" cellspacing=\"0\" cellpadding=\"2\" bgcolor=\"#0ce0c0\">\n<tbody>\n<tr>\n<td style=\"text-align: center; color: #000000;\" align=\"middle\" valign=\"Center\" width=\"170\"><span style=\"font-size: 12px;\"> <strong><span style=\"color: #3366ff;\"><a title=\"Disclaimer\" href=\"http:\/\/hfsucher.kklick.com\/?page_id=132\"><span style=\"color: #3366ff;\">Disclaimer<\/span><\/a><\/span><\/strong><br \/>\n<\/span><\/td>\n<td style=\"text-align: center; color: #000000;\" align=\"middle\" valign=\"Center\" width=\"170\"><a title=\"Start\" href=\"http:\/\/hfsucher.kklick.com\/\"><strong><span style=\"color: #0000ff;\"><span style=\"font-size: 12px;\">Start<\/span><\/span><\/strong><\/a><\/td>\n<td style=\"text-align: center; color: #000000;\" align=\"middle\" valign=\"Center\" width=\"170\"><span style=\"font-size: 12px;\"><a title=\"Start\" href=\"http:\/\/hfsucher.kklick.com\/\"> <strong><span style=\"color: #0000ff;\">Zur\u00fcck<\/span><\/strong><\/a><br \/>\n<\/span><\/td>\n<\/tr>\n<\/tbody>\n<\/table>\n","protected":false},"excerpt":{"rendered":"<p>Die Pfarrkirche St. Laurentius in Essen-Steele, von den Steelensern (nicht Steelern!) auch gerne als &#8222;Steeler Dom&#8220; bezeichnet, bestimmt seit ihrer Einweihung am 20. Mai 1875 das Stadtbild von Steele. Die dreischiffige, neugotische Basilika ist ab 1869 an Stelle der alten Kirche erbaut worden. Weil an anderer Stelle nicht gen\u00fcgend Raum f\u00fcr die Gottesdienste zu Verf\u00fcgung &hellip; <a href=\"http:\/\/hfsucher.kklick.com\/?page_id=2324\" class=\"more-link\"><span class=\"screen-reader-text\">Sankt Laurentius Kirche in Steele<\/span> weiterlesen <span class=\"meta-nav\">&rarr;<\/span><\/a><\/p>\n","protected":false},"author":1,"featured_media":2252,"parent":120,"menu_order":3,"comment_status":"open","ping_status":"closed","template":"","meta":{"footnotes":""},"class_list":["post-2324","page","type-page","status-publish","has-post-thumbnail","hentry"],"_links":{"self":[{"href":"http:\/\/hfsucher.kklick.com\/index.php?rest_route=\/wp\/v2\/pages\/2324","targetHints":{"allow":["GET"]}}],"collection":[{"href":"http:\/\/hfsucher.kklick.com\/index.php?rest_route=\/wp\/v2\/pages"}],"about":[{"href":"http:\/\/hfsucher.kklick.com\/index.php?rest_route=\/wp\/v2\/types\/page"}],"author":[{"embeddable":true,"href":"http:\/\/hfsucher.kklick.com\/index.php?rest_route=\/wp\/v2\/users\/1"}],"replies":[{"embeddable":true,"href":"http:\/\/hfsucher.kklick.com\/index.php?rest_route=%2Fwp%2Fv2%2Fcomments&post=2324"}],"version-history":[{"count":2,"href":"http:\/\/hfsucher.kklick.com\/index.php?rest_route=\/wp\/v2\/pages\/2324\/revisions"}],"predecessor-version":[{"id":2339,"href":"http:\/\/hfsucher.kklick.com\/index.php?rest_route=\/wp\/v2\/pages\/2324\/revisions\/2339"}],"up":[{"embeddable":true,"href":"http:\/\/hfsucher.kklick.com\/index.php?rest_route=\/wp\/v2\/pages\/120"}],"wp:featuredmedia":[{"embeddable":true,"href":"http:\/\/hfsucher.kklick.com\/index.php?rest_route=\/wp\/v2\/media\/2252"}],"wp:attachment":[{"href":"http:\/\/hfsucher.kklick.com\/index.php?rest_route=%2Fwp%2Fv2%2Fmedia&parent=2324"}],"curies":[{"name":"wp","href":"https:\/\/api.w.org\/{rel}","templated":true}]}}