{"id":2394,"date":"2014-07-29T10:45:47","date_gmt":"2014-07-29T10:45:47","guid":{"rendered":"http:\/\/hfsucher.kklick.com\/?page_id=2394"},"modified":"2014-07-29T10:48:44","modified_gmt":"2014-07-29T10:48:44","slug":"mein-roepergraben","status":"publish","type":"page","link":"http:\/\/hfsucher.kklick.com\/?page_id=2394","title":{"rendered":"Mein R\u00f6pergraben"},"content":{"rendered":"<p><!-- Sprungziel   --> <a name=\"StR2394\"><\/a><\/p>\n<p><!--         Ende   --><span style=\"color: #0000ff;\"><strong>Der R\u00f6pergraben<\/strong><\/span> <a href=\"http:\/\/hfsucher.kklick.com\/wp-content\/uploads\/2014\/07\/Roepergraben-201.jpg\" target=\"_blank\"><img loading=\"lazy\" decoding=\"async\" class=\"aligncenter wp-image-2361 size-full\" src=\"http:\/\/hfsucher.kklick.com\/wp-content\/uploads\/2014\/07\/Roepergraben-201.jpg\" alt=\"Roepergraben-201\" width=\"616\" height=\"800\" srcset=\"http:\/\/hfsucher.kklick.com\/wp-content\/uploads\/2014\/07\/Roepergraben-201.jpg 616w, http:\/\/hfsucher.kklick.com\/wp-content\/uploads\/2014\/07\/Roepergraben-201-231x300.jpg 231w\" sizes=\"auto, (max-width: 616px) 100vw, 616px\" \/><\/a> <span style=\"font-size: 12px;\">Der R\u00f6pergraben war eine Kopfsteingepflasterte Gasse in Steele die vom Kaiser-Otto-Platz zum oberen Teil der Stra\u00dfe Scheidtmanntor, n\u00e4he der alten Schmiede, f\u00fchrte.  Ein Abzweig f\u00fchrte in Richtung Brinkerplatz. Die Gasse konnte und wurde  von Anliegern mit Kraftfahrzeugen befahren. Der R\u00f6pergraben, einschlie\u00dflich der zum Teil aus altem Fachwerk bestehende Bebauung, wurde in den 1960ern im Zuge einer Sanierung  abgerissen. Das Quartier wurde im Anschluss mit einem Gesch\u00e4ftshaus bebaut das durch das Kaufhaus Wertheim genutzt wurde. Kurze Zeit sp\u00e4ter zog sich das Kaufhaus wieder aus Steele zur\u00fcck. Nach l\u00e4ngerem Leerstand sind dort heute Gesch\u00e4fte und Teile der Verwaltung untergebracht. Der eine oder andere Steelenser kennt die Gasse vielleicht auch unter der Bezeichnung &#8222;Hippengraben&#8220;.<\/span><span style=\"font-size: 12px;\"> <\/span><br \/>\n<!--            .-.-.-.-.-.-.-.-.-.-.-.-.-                 --><\/p>\n<table style=\"width: 500px; border-color: #fffaf0;\" border=\"2\" cellspacing=\"5\" cellpadding=\"5\" align=\"center\">\n<tbody>\n<tr>\n<td style=\"width: 160px; height: 160px;\" align=\"left\" valign=\"middle\">\n<p><figure id=\"attachment_110\" aria-describedby=\"caption-attachment-110\" style=\"width: 150px\" class=\"wp-caption alignnone\"><a href=\"http:\/\/hfsucher.kklick.com\/wp-content\/uploads\/2014\/06\/R\u00f6pergraben-1.jpg\" target=\"_blank\"><img loading=\"lazy\" decoding=\"async\" class=\"wp-image-110 size-thumbnail\" src=\"http:\/\/hfsucher.kklick.com\/wp-content\/uploads\/2014\/06\/R\u00f6pergraben-1-150x150.jpg\" alt=\"Ganz hinten, R\u00f6pergraben 14\" width=\"150\" height=\"150\" \/><\/a><figcaption id=\"caption-attachment-110\" class=\"wp-caption-text\">Ganz hinten, R\u00f6pergraben 14<\/figcaption><\/figure><\/td>\n<td style=\"width: 160px; height: 160px;\" align=\"left\" valign=\"middle\">\n<p><figure id=\"attachment_111\" aria-describedby=\"caption-attachment-111\" style=\"width: 150px\" class=\"wp-caption alignnone\"><a href=\"http:\/\/hfsucher.kklick.com\/wp-content\/uploads\/2014\/06\/R\u00f6pergraben-2.jpg\" target=\"_blank\"><img loading=\"lazy\" decoding=\"async\" class=\"wp-image-111 size-thumbnail\" src=\"http:\/\/hfsucher.kklick.com\/wp-content\/uploads\/2014\/06\/R\u00f6pergraben-2-150x150.jpg\" alt=\"R\u00f6pergraben zum K.O.-Platz\" width=\"150\" height=\"150\" \/><\/a><figcaption id=\"caption-attachment-111\" class=\"wp-caption-text\">R\u00f6pergraben zum K.O.-Platz<\/figcaption><\/figure><\/td>\n<td style=\"width: 160px; height: 160px;\" align=\"left\" valign=\"middle\">\n<p><figure id=\"attachment_2157\" aria-describedby=\"caption-attachment-2157\" style=\"width: 150px\" class=\"wp-caption alignnone\"><a href=\"http:\/\/hfsucher.kklick.com\/wp-content\/uploads\/2014\/07\/Scheidtmanntor-3.jpg\" target=\"_blank\"><img loading=\"lazy\" decoding=\"async\" class=\"wp-image-2157 size-thumbnail\" src=\"http:\/\/hfsucher.kklick.com\/wp-content\/uploads\/2014\/07\/Scheidtmanntor-3-150x150.jpg\" alt=\"Links vorne geht\u00b4s in den R\u00f6pergraben\" width=\"150\" height=\"150\" \/><\/a><figcaption id=\"caption-attachment-2157\" class=\"wp-caption-text\">Links vorne geht\u00b4s in den R\u00f6pergraben<\/figcaption><\/figure><\/td>\n<\/tr>\n<\/tbody>\n<\/table>\n<p><span style=\"font-size: 12px;\"> An  der Nr. 14 rechts vorbei  verl\u00e4uft der R\u00f6pergraben  weiter zum Scheidtmanntor. Hinter Eckhaus links gab es noch eien Stichweg, unten am Ende der Gasse wartete Eisdiele Kemmerling. Im rechten Bild ist Annemarie\u00b4s Kneipe, Schauplatz der sonnt\u00e4glichen Fr\u00fchschoppen (dat is da woot Vaterunser 2o Fennich kostet). Im Haus gegen\u00fcber wohnt der Schuhmacher in dem ich gerne bei der Arbeit zuschaute. Die Schienen haben wir auch gerne als &#8222;Walzwerk&#8220; missbraucht indem wir alte N\u00e4gel auf die Gleisen haben. Wenn dann eine Bahn krachend dar\u00fcber gefahren war,  warfen die nicht nur Platt sondern auch hei\u00df  Die Fahrer fanden das gar nicht Lustig. Manchmal hielten sie die Bahn an und liefen uns hinterher. <\/span><\/p>\n<table style=\"width: 500px; border-color: #fffaf0;\" border=\"2\" cellspacing=\"5\" cellpadding=\"5\" align=\"center\">\n<tbody>\n<tr>\n<td style=\"width: 160px; height: 160px;\" align=\"left\" valign=\"middle\">\n<p><figure id=\"attachment_109\" aria-describedby=\"caption-attachment-109\" style=\"width: 150px\" class=\"wp-caption alignnone\"><a href=\"http:\/\/hfsucher.kklick.com\/wp-content\/uploads\/2014\/06\/Kaiser-Otto-Platz-um-1958.jpg\" target=\"_blank\"><img loading=\"lazy\" decoding=\"async\" class=\"wp-image-109 size-thumbnail\" src=\"http:\/\/hfsucher.kklick.com\/wp-content\/uploads\/2014\/06\/Kaiser-Otto-Platz-um-1958-150x150.jpg\" alt=\"Rechts Bieringer, links Eisdiele Kemmerling\" width=\"150\" height=\"150\" \/><\/a><figcaption id=\"caption-attachment-109\" class=\"wp-caption-text\">Links Eisdiele Kemmerling, ganz rechts Bieringer<\/figcaption><\/figure><\/td>\n<td style=\"width: 160px; height: 160px;\" align=\"left\" valign=\"middle\">\n<p><figure id=\"attachment_2158\" aria-describedby=\"caption-attachment-2158\" style=\"width: 150px\" class=\"wp-caption alignnone\"><a href=\"http:\/\/hfsucher.kklick.com\/wp-content\/uploads\/2014\/07\/Schmiede-1.jpg\"><img loading=\"lazy\" decoding=\"async\" class=\"size-thumbnail wp-image-2158\" src=\"http:\/\/hfsucher.kklick.com\/wp-content\/uploads\/2014\/07\/Schmiede-1-150x150.jpg\" alt=\"Schmiede Klinkhammer am Scheidtmanntor\" width=\"150\" height=\"150\" \/><\/a><figcaption id=\"caption-attachment-2158\" class=\"wp-caption-text\">Schmiede Klinkhammer am Scheidtmanntor<\/figcaption><\/figure><\/td>\n<td style=\"width: 160px; height: 160px;\" align=\"left\" valign=\"middle\">\n<p><figure id=\"attachment_2079\" aria-describedby=\"caption-attachment-2079\" style=\"width: 150px\" class=\"wp-caption alignnone\"><a href=\"http:\/\/hfsucher.kklick.com\/wp-content\/uploads\/2014\/07\/Am-Brinker-Platz.jpg\"><img loading=\"lazy\" decoding=\"async\" class=\"size-thumbnail wp-image-2079\" src=\"http:\/\/hfsucher.kklick.com\/wp-content\/uploads\/2014\/07\/Am-Brinker-Platz-150x150.jpg\" alt=\"Chausseestra\u00dfe am Brinkerplatz\" width=\"150\" height=\"150\" \/><\/a><figcaption id=\"caption-attachment-2079\" class=\"wp-caption-text\">Chausseestra\u00dfe am Brinkerplatz<\/figcaption><\/figure><\/td>\n<\/tr>\n<\/tbody>\n<\/table>\n<p><span style=\"font-size: 12px;\"> Links neben der Eisdiele m\u00fcndete der R\u00f6pergraben in die Stra\u00dfe Isinger Tor, eine der beliebten Spielst\u00e4tten. Dieseits  der Stra\u00dfe der Kaiser-Otto-Platz. Die ganze H\u00e4userzeile mit der Eisdiele in der Mitte existiert leider nicht mehr. Im Haus rechts , bei Bieringer, wurde Obst &#8211; und Gem\u00fcse verkauft. <\/span><span style=\"font-size: 12px;\"><br \/>\nDer alte Klinkhammer und seine Gesellen haben sicher noch oft an die kleine Nervens\u00e4ge gedacht die ihnen immer im Weg stand und immer noch eine Frage mehr hatte.<br \/>\n<\/span><span style=\"font-size: 12px;\">Das Bild rechts ist sicher vor dem Krieg (vor welchem) aufgenommen worden. Im dem Haus rechts war in meiner Kindheit eine Gastst\u00e4tte, danach die Einm\u00fcndung zum Brinkerplatz.<\/span><\/p>\n<dl id=\"attachment_2159\" class=\"wp-caption alignnone\" style=\"width: 150px;\">\n<dt class=\"wp-caption-dt\"><\/dt>\n<dd class=\"wp-caption-dd\">Die Schmiede von innen<\/dd>\n<\/dl>\n<table style=\"width: 500px; border-color: #fffaf0;\" border=\"2\" cellspacing=\"5\" cellpadding=\"5\" align=\"center\">\n<tbody>\n<tr>\n<td style=\"width: 160px; height: 160px;\" align=\"left\" valign=\"middle\">\n<p><figure id=\"attachment_107\" aria-describedby=\"caption-attachment-107\" style=\"width: 150px\" class=\"wp-caption alignnone\"><a href=\"http:\/\/hfsucher.kklick.com\/wp-content\/uploads\/2014\/06\/F\u00fcrstin-Franziska-Christine-Stiftung.jpg\" target=\"_blank\"><img loading=\"lazy\" decoding=\"async\" class=\"wp-image-107 size-thumbnail\" src=\"http:\/\/hfsucher.kklick.com\/wp-content\/uploads\/2014\/06\/F\u00fcrstin-Franziska-Christine-Stiftung-150x150.jpg\" alt=\"F\u00fcrstin-Franziska-Christine Stift\" width=\"150\" height=\"150\" \/><\/a><figcaption id=\"caption-attachment-107\" class=\"wp-caption-text\">F\u00fcrstin-Franziska-Christine Stift<\/figcaption><\/figure><\/td>\n<td style=\"width: 160px; height: 160px;\" align=\"left\" valign=\"middle\">\n<p><figure id=\"attachment_2076\" aria-describedby=\"caption-attachment-2076\" style=\"width: 150px\" class=\"wp-caption alignnone\"><a href=\"http:\/\/hfsucher.kklick.com\/wp-content\/uploads\/2014\/07\/Bahnhof-West-1920.jpg\" target=\"_blank\"><img loading=\"lazy\" decoding=\"async\" class=\"wp-image-2076 size-thumbnail\" src=\"http:\/\/hfsucher.kklick.com\/wp-content\/uploads\/2014\/07\/Bahnhof-West-1920-150x150.jpg\" alt=\"Bahnhof West 1920\" width=\"150\" height=\"150\" \/><\/a><figcaption id=\"caption-attachment-2076\" class=\"wp-caption-text\">Bahnhof West 1920<\/figcaption><\/figure><\/td>\n<td style=\"width: 160px; height: 160px;\" align=\"left\" valign=\"middle\">\n<p><figure id=\"attachment_2113\" aria-describedby=\"caption-attachment-2113\" style=\"width: 150px\" class=\"wp-caption alignnone\"><a href=\"http:\/\/hfsucher.kklick.com\/wp-content\/uploads\/2014\/07\/Humannstra\u00dfe-4.jpg\" target=\"_blank\"><img loading=\"lazy\" decoding=\"async\" class=\"wp-image-2113 size-thumbnail\" src=\"http:\/\/hfsucher.kklick.com\/wp-content\/uploads\/2014\/07\/Humannstra\u00dfe-4-150x150.jpg\" alt=\"Humannstra\u00dfe--4\" width=\"150\" height=\"150\" \/><\/a><figcaption id=\"caption-attachment-2113\" class=\"wp-caption-text\">Humannstra\u00dfe von der Krayer Stra\u00dfe aus gesehen<\/figcaption><\/figure><\/td>\n<\/tr>\n<tr>\n<td style=\"width: 160px; height: 160px;\" align=\"left\" valign=\"middle\">\n<p><figure id=\"attachment_2112\" aria-describedby=\"caption-attachment-2112\" style=\"width: 150px\" class=\"wp-caption alignnone\"><a href=\"http:\/\/hfsucher.kklick.com\/wp-content\/uploads\/2014\/07\/Humannstra\u00dfe-3.jpg\" target=\"_blank\"><img loading=\"lazy\" decoding=\"async\" class=\"wp-image-2112 size-thumbnail\" src=\"http:\/\/hfsucher.kklick.com\/wp-content\/uploads\/2014\/07\/Humannstra\u00dfe-3-150x150.jpg\" alt=\"Humannstra\u00dfe-3\" width=\"150\" height=\"150\" \/><\/a><figcaption id=\"caption-attachment-2112\" class=\"wp-caption-text\">Isinger Tor, Einfahrt zum Kaiser-Otto-Platz<\/figcaption><\/figure><\/td>\n<td style=\"width: 160px; height: 160px;\" align=\"left\" valign=\"middle\">\n<p><figure id=\"attachment_2159\" aria-describedby=\"caption-attachment-2159\" style=\"width: 150px\" class=\"wp-caption alignnone\"><a href=\"http:\/\/hfsucher.kklick.com\/wp-content\/uploads\/2014\/07\/Schmiede-2.jpg\" target=\"_blank\"><img loading=\"lazy\" decoding=\"async\" class=\"wp-image-2159 size-thumbnail\" src=\"http:\/\/hfsucher.kklick.com\/wp-content\/uploads\/2014\/07\/Schmiede-2-150x150.jpg\" alt=\"Die Schmiede von innen\" width=\"150\" height=\"150\" \/><\/a><figcaption id=\"caption-attachment-2159\" class=\"wp-caption-text\">Die alte Schmiede von innen<\/figcaption><\/figure><\/td>\n<td style=\"width: 160px; height: 160px;\" align=\"left\" valign=\"middle\">\n<p><figure id=\"attachment_2114\" aria-describedby=\"caption-attachment-2114\" style=\"width: 150px\" class=\"wp-caption alignnone\"><a href=\"http:\/\/hfsucher.kklick.com\/wp-content\/uploads\/2014\/07\/Humannstra\u00dfe-5.jpg\" target=\"_blank\"><img loading=\"lazy\" decoding=\"async\" class=\"wp-image-2114 size-thumbnail\" src=\"http:\/\/hfsucher.kklick.com\/wp-content\/uploads\/2014\/07\/Humannstra\u00dfe-5-150x150.jpg\" alt=\"Humannstra\u00dfe-5\" width=\"150\" height=\"150\" \/><\/a><figcaption id=\"caption-attachment-2114\" class=\"wp-caption-text\">Wigold, Ecke Humann- stra\u00dfe &#8211; Isinger Tor<\/figcaption><\/figure><\/td>\n<\/tr>\n<\/tbody>\n<\/table>\n<p><span style=\"font-size: 12px;\">Die letzten Bilder begrenzen so in etwa meinen engeren  Spielbereich, so in etwa(!)<\/span><span style=\"font-size: 12px;\">.  Auf dem oberen Foto oben in der Mitte wird der Bahnhof f\u00e4lschlicherweise mit &#8222;Essen-Steele&#8220; bezeichnet. Steele ist erst 1929 nach Essen eingemeindet worden, also ist Steele-West korrekt!<br \/>\nEine Frage besch\u00e4ftigt mich noch. Woher kommt die Bezeichnung R\u00f6pergraben?<\/span><\/p>\n<p><span style=\"font-size: 12px;\">Im Moment erscheint mir die Verbindung Reep oder R\u00f6p am Wahrscheinlichsten. Demnach waren in der Gasse fr\u00fcher R\u00f6per oder Reepschl\u00e4ger, also Seiler, zu Hause. Wer was besseres weiss bitte melden.<\/span><\/p>\n<p><a href=\"#StR2394\"> <strong>Zum Seitenanfang<\/strong><\/a><br \/>\n<!--  --><\/p>\n<p><!--  Zellen fuer Disclaimer --><\/p>\n<p><!--  --><\/p>\n<table style=\"color: #0000ff;\" border=\"0\" width=\"510\" cellspacing=\"0\" cellpadding=\"2\" bgcolor=\"#0ce0c0\">\n<tbody>\n<tr>\n<td style=\"text-align: center; color: #000000;\" align=\"middle\" valign=\"Center\" width=\"170\"><span style=\"font-size: 12px;\"> <strong><span style=\"color: #3366ff;\"><a title=\"Disclaimer\" href=\"http:\/\/hfsucher.kklick.com\/?page_id=132\"><span style=\"color: #3366ff;\">Disclaimer<\/span><\/a><\/span><\/strong> <\/span><\/td>\n<td style=\"text-align: center; color: #000000;\" align=\"middle\" valign=\"Center\" width=\"170\"><a title=\"Start\" href=\"http:\/\/hfsucher.kklick.com\/\"><strong><span style=\"color: #0000ff;\"><span style=\"font-size: 12px;\">Start<\/span><\/span><\/strong><\/a><\/td>\n<td style=\"text-align: center; color: #000000;\" align=\"middle\" valign=\"Center\" width=\"170\"><span style=\"font-size: 12px;\"><a title=\"Orte und St\u00e4dte\" href=\"http:\/\/hfsucher.kklick.com\/?page_id=195\"> <strong><span style=\"color: #0000ff;\">Zur\u00fcck<\/span><\/strong><\/a> <\/span><\/td>\n<\/tr>\n<\/tbody>\n<\/table>\n<p><!--                              ..............            \n<\/p>\n","protected":false},"excerpt":{"rendered":"<p>Der R\u00f6pergraben Der R\u00f6pergraben war eine Kopfsteingepflasterte Gasse in Steele die vom Kaiser-Otto-Platz zum oberen Teil der Stra\u00dfe Scheidtmanntor, n\u00e4he der alten Schmiede, f\u00fchrte. Ein Abzweig f\u00fchrte in Richtung Brinkerplatz. Die Gasse konnte und wurde von Anliegern mit Kraftfahrzeugen befahren. Der R\u00f6pergraben, einschlie\u00dflich der zum Teil aus altem Fachwerk bestehende Bebauung, wurde in den 1960ern &hellip; <a href=\"http:\/\/hfsucher.kklick.com\/?page_id=2394\" class=\"more-link\"><span class=\"screen-reader-text\">Mein R\u00f6pergraben<\/span> weiterlesen <span class=\"meta-nav\">&rarr;<\/span><\/a><\/p>\n","protected":false},"author":1,"featured_media":110,"parent":120,"menu_order":2,"comment_status":"open","ping_status":"closed","template":"","meta":{"footnotes":""},"class_list":["post-2394","page","type-page","status-publish","has-post-thumbnail","hentry"],"_links":{"self":[{"href":"http:\/\/hfsucher.kklick.com\/index.php?rest_route=\/wp\/v2\/pages\/2394","targetHints":{"allow":["GET"]}}],"collection":[{"href":"http:\/\/hfsucher.kklick.com\/index.php?rest_route=\/wp\/v2\/pages"}],"about":[{"href":"http:\/\/hfsucher.kklick.com\/index.php?rest_route=\/wp\/v2\/types\/page"}],"author":[{"embeddable":true,"href":"http:\/\/hfsucher.kklick.com\/index.php?rest_route=\/wp\/v2\/users\/1"}],"replies":[{"embeddable":true,"href":"http:\/\/hfsucher.kklick.com\/index.php?rest_route=%2Fwp%2Fv2%2Fcomments&post=2394"}],"version-history":[{"count":3,"href":"http:\/\/hfsucher.kklick.com\/index.php?rest_route=\/wp\/v2\/pages\/2394\/revisions"}],"predecessor-version":[{"id":2397,"href":"http:\/\/hfsucher.kklick.com\/index.php?rest_route=\/wp\/v2\/pages\/2394\/revisions\/2397"}],"up":[{"embeddable":true,"href":"http:\/\/hfsucher.kklick.com\/index.php?rest_route=\/wp\/v2\/pages\/120"}],"wp:featuredmedia":[{"embeddable":true,"href":"http:\/\/hfsucher.kklick.com\/index.php?rest_route=\/wp\/v2\/media\/110"}],"wp:attachment":[{"href":"http:\/\/hfsucher.kklick.com\/index.php?rest_route=%2Fwp%2Fv2%2Fmedia&parent=2394"}],"curies":[{"name":"wp","href":"https:\/\/api.w.org\/{rel}","templated":true}]}}