{"id":530,"date":"2014-06-16T14:59:09","date_gmt":"2014-06-16T14:59:09","guid":{"rendered":"http:\/\/hfsucher.kklick.com\/?page_id=530"},"modified":"2014-07-09T15:06:47","modified_gmt":"2014-07-09T15:06:47","slug":"hannover-3","status":"publish","type":"page","link":"http:\/\/hfsucher.kklick.com\/?page_id=530","title":{"rendered":"IGS M\u00fchlenberg"},"content":{"rendered":"<h4 style=\"text-align: center;\"><!--  --><!--  Zellen fuer Leerzeile --><!--  --><\/h4>\n<table style=\"color: #000000;\" border=\"2\" width=\"700\" cellspacing=\"1\" cellpadding=\"2\" bgcolor=\"#eee8aa\">\n<tbody>\n<tr><!--  <!--  --><!--  --><!--  --><\/p>\n<td style=\"text-align: center; color: #000000;\" valign=\"top\" bgcolor=\"#eee8aa\" height=\"480\">\n<h4><strong><span style=\"color: #3366ff;\">IGS &#8211; M\u00fchlenberg<\/span><\/strong><\/h4>\n<p>Die IGS M\u00fchlenberg liegt im s\u00fcdlichen Teil einer Gro\u00dfwohnsiedlung auf dem gleichnamigen M\u00fchlenberg im S\u00fcdwesten Hannovers die in den 1960er bis 1970er Jahren erbaut wurde. Im Geb\u00e4ude der IGS, die von au\u00dfen eher einem Fabrikgeb\u00e4ude \u00e4hnelt, sind au\u00dfer der Schule auch das Freizeitheim Wei\u00dfe Rose, ein Jugendzentrum und die Stadtteilbibliothek zu Hause. Zurzeit ist der Neubau der Schule im Gange der neben dem derzeitigen Geb\u00e4ude entstehen wird. Die IGS zeichnet sich durch ihr engagiertes Kollegium und kooperative Wissensvermittlung aus.<\/p>\n<table style=\"color: #eee8aa;\" border=\"0\" width=\"600\" cellspacing=\"0\" cellpadding=\"1\">\n<tbody>\n<tr valign=\"top\">\n<td width=\"600\"><\/td>\n<td width=\"600\"><a href=\"http:\/\/hfsucher.kklick.com\/wp-content\/uploads\/2014\/06\/IGS-M\u00fchlenberg-054i1-e1402993478185.jpg\"><img loading=\"lazy\" decoding=\"async\" class=\"alignnone size-thumbnail wp-image-560\" src=\"http:\/\/hfsucher.kklick.com\/wp-content\/uploads\/2014\/06\/IGS-M\u00fchlenberg-054i1-150x150.jpg\" alt=\"IGS M\u00fchlenberg\" width=\"150\" height=\"150\" \/><\/a><\/td>\n<td width=\"600\"><\/td>\n<\/tr>\n<tr valign=\"top\">\n<td width=\"600\"><\/td>\n<td width=\"600\"><a href=\"http:\/\/hfsucher.kklick.com\/wp-content\/uploads\/2014\/07\/I6031-Maker-IGS-M.jpg\"><img loading=\"lazy\" decoding=\"async\" class=\"alignnone size-thumbnail wp-image-1669\" src=\"http:\/\/hfsucher.kklick.com\/wp-content\/uploads\/2014\/07\/I6031-Maker-IGS-M-150x150.jpg\" alt=\"I6031-Maker IGS-M\" width=\"150\" height=\"150\" srcset=\"http:\/\/hfsucher.kklick.com\/wp-content\/uploads\/2014\/07\/I6031-Maker-IGS-M-150x150.jpg 150w, http:\/\/hfsucher.kklick.com\/wp-content\/uploads\/2014\/07\/I6031-Maker-IGS-M.jpg 300w\" sizes=\"auto, (max-width: 150px) 100vw, 150px\" \/><\/a><\/td>\n<td width=\"600\"><\/td>\n<\/tr>\n<\/tbody>\n<\/table>\n<h4><\/h4>\n<h4><span style=\"color: #008000;\">Es geht bald weiter!<\/span><\/h4>\n<p><!-- ........ --><br \/>\n<!-- ...       Ende Infotabelle 1.                    ..... --><br \/>\n<!-- ........ --><br \/>\n<!-- ...  Abschlu\u00df Seite                              ..... --><\/td>\n<\/tr>\n<\/tbody>\n<\/table>\n<p><!-- ... Ende der Seitentabelle                       ..... --><br \/>\n<!-- ........ --><br \/>\n<!--  --> <!--  Zellen fuer Disclaimer --><br \/>\n<!--  Zellen fuer Disclaimer --><br \/>\n<!--  --><br \/>\n<!--  --><\/p>\n<table style=\"color: #0000ff;\" border=\"0\" width=\"510\" cellspacing=\"0\" cellpadding=\"2\" bgcolor=\"#0ce0c0\">\n<tbody>\n<tr>\n<td style=\"text-align: center; color: #000000;\" align=\"middle\" valign=\"Center\" width=\"170\"><span style=\"font-size: 12px;\"> <strong><span style=\"color: #3366ff;\"><a title=\"Disclaimer\" href=\"http:\/\/hfsucher.kklick.com\/?page_id=132\"><span style=\"color: #3366ff;\">Disclaimer<\/span><\/a><\/span><\/strong><br \/>\n<\/span><\/td>\n<td style=\"text-align: center; color: #000000;\" align=\"middle\" valign=\"Center\" width=\"170\"><a title=\"Start\" href=\"http:\/\/hfsucher.kklick.com\/\"><strong><span style=\"color: #0000ff;\"><span style=\"font-size: 12px;\">Start<\/span><\/span><\/strong><\/a><\/td>\n<td style=\"text-align: center; color: #000000;\" align=\"middle\" valign=\"Center\" width=\"170\"><span style=\"font-size: 12px;\"><a title=\"Hannover\" href=\"http:\/\/hfsucher.kklick.com\/?page_id=468\"> <strong><span style=\"color: #0000ff;\">Zur\u00fcck<\/span><\/strong><\/a><br \/>\n<\/span><\/td>\n<\/tr>\n<\/tbody>\n<\/table>\n","protected":false},"excerpt":{"rendered":"<p>IGS &#8211; M\u00fchlenberg Die IGS M\u00fchlenberg liegt im s\u00fcdlichen Teil einer Gro\u00dfwohnsiedlung auf dem gleichnamigen M\u00fchlenberg im S\u00fcdwesten Hannovers die in den 1960er bis 1970er Jahren erbaut wurde. Im Geb\u00e4ude der IGS, die von au\u00dfen eher einem Fabrikgeb\u00e4ude \u00e4hnelt, sind au\u00dfer der Schule auch das Freizeitheim Wei\u00dfe Rose, ein Jugendzentrum und die Stadtteilbibliothek zu Hause. &hellip; <a href=\"http:\/\/hfsucher.kklick.com\/?page_id=530\" class=\"more-link\"><span class=\"screen-reader-text\">IGS M\u00fchlenberg<\/span> weiterlesen <span class=\"meta-nav\">&rarr;<\/span><\/a><\/p>\n","protected":false},"author":1,"featured_media":536,"parent":468,"menu_order":3,"comment_status":"open","ping_status":"closed","template":"","meta":{"footnotes":""},"class_list":["post-530","page","type-page","status-publish","has-post-thumbnail","hentry"],"_links":{"self":[{"href":"http:\/\/hfsucher.kklick.com\/index.php?rest_route=\/wp\/v2\/pages\/530","targetHints":{"allow":["GET"]}}],"collection":[{"href":"http:\/\/hfsucher.kklick.com\/index.php?rest_route=\/wp\/v2\/pages"}],"about":[{"href":"http:\/\/hfsucher.kklick.com\/index.php?rest_route=\/wp\/v2\/types\/page"}],"author":[{"embeddable":true,"href":"http:\/\/hfsucher.kklick.com\/index.php?rest_route=\/wp\/v2\/users\/1"}],"replies":[{"embeddable":true,"href":"http:\/\/hfsucher.kklick.com\/index.php?rest_route=%2Fwp%2Fv2%2Fcomments&post=530"}],"version-history":[{"count":11,"href":"http:\/\/hfsucher.kklick.com\/index.php?rest_route=\/wp\/v2\/pages\/530\/revisions"}],"predecessor-version":[{"id":1675,"href":"http:\/\/hfsucher.kklick.com\/index.php?rest_route=\/wp\/v2\/pages\/530\/revisions\/1675"}],"up":[{"embeddable":true,"href":"http:\/\/hfsucher.kklick.com\/index.php?rest_route=\/wp\/v2\/pages\/468"}],"wp:featuredmedia":[{"embeddable":true,"href":"http:\/\/hfsucher.kklick.com\/index.php?rest_route=\/wp\/v2\/media\/536"}],"wp:attachment":[{"href":"http:\/\/hfsucher.kklick.com\/index.php?rest_route=%2Fwp%2Fv2%2Fmedia&parent=530"}],"curies":[{"name":"wp","href":"https:\/\/api.w.org\/{rel}","templated":true}]}}