{"id":532,"date":"2014-06-16T14:59:36","date_gmt":"2014-06-16T14:59:36","guid":{"rendered":"http:\/\/hfsucher.kklick.com\/?page_id=532"},"modified":"2014-06-23T10:39:28","modified_gmt":"2014-06-23T10:39:28","slug":"hannover-2","status":"publish","type":"page","link":"http:\/\/hfsucher.kklick.com\/?page_id=532","title":{"rendered":"Hannover Grosser Garten"},"content":{"rendered":"<h2 style=\"text-align: center;\"><!--  --><br \/>\n<span style=\"color: #0000ff;\">Habt Ihr gewusst, das<!--  Zellen fuer Leerzeile --><\/span><br \/>\n<span style=\"color: #0000ff;\"> <!--  --><\/span><\/h2>\n<ul>\n<li><span style=\"color: #0000ff;\">der Gro\u00dfe Garten schon gegen Ende des 17. Jahrhunderts von den welfischen Kurf\u00fcrsten erbaut wurde und ca. 50 Hektar gro\u00df ist?<\/span><\/li>\n<li><span style=\"color: #0000ff;\">die gro\u00dfe Font\u00e4ne 1721 schon 36m hohe Font\u00e4nen und seit 1856 sogar 56m hohe Font\u00e4nen produziert, die bei windstille sogar bis zu 72m emporschie\u00dfen k\u00f6nnen?<\/span><\/li>\n<li><span style=\"color: #0000ff;\">das die<\/span> <span style=\"color: #0000ff;\">goldenen Figuren im Gartentheater aus Kostengr\u00fcnden aus Blei gefertigt wurden und nat\u00fcrlich nur vergoldet sind?<\/span><\/li>\n<li><span style=\"color: #0000ff;\">das die hann\u00f6verschen Welfen nicht nur\u00a0Kurf\u00fcrsten und K\u00f6nige von Hannover sondern von 1714 bis 1837\u00a0auch von K\u00f6nige von Gro\u00dfbritannien waren?<\/span><\/li>\n<\/ul>\n<div id='gallery-1' class='gallery galleryid-532 gallery-columns-3 gallery-size-thumbnail'><figure class='gallery-item'>\n\t\t\t<div class='gallery-icon landscape'>\n\t\t\t\t<a href='http:\/\/hfsucher.kklick.com\/?attachment_id=529'><img loading=\"lazy\" decoding=\"async\" width=\"150\" height=\"150\" src=\"http:\/\/hfsucher.kklick.com\/wp-content\/uploads\/2014\/06\/Gro\u00dfer-Garten-I1445-150x1501.jpg\" class=\"attachment-thumbnail size-thumbnail\" alt=\"\" \/><\/a>\n\t\t\t<\/div><\/figure><figure class='gallery-item'>\n\t\t\t<div class='gallery-icon landscape'>\n\t\t\t\t<a href='http:\/\/hfsucher.kklick.com\/?attachment_id=528'><img loading=\"lazy\" decoding=\"async\" width=\"150\" height=\"150\" src=\"http:\/\/hfsucher.kklick.com\/wp-content\/uploads\/2014\/06\/Gro\u00dfer-Garten-I1444-150x1501.jpg\" class=\"attachment-thumbnail size-thumbnail\" alt=\"\" \/><\/a>\n\t\t\t<\/div><\/figure><figure class='gallery-item'>\n\t\t\t<div class='gallery-icon landscape'>\n\t\t\t\t<a href='http:\/\/hfsucher.kklick.com\/?attachment_id=527'><img loading=\"lazy\" decoding=\"async\" width=\"150\" height=\"150\" src=\"http:\/\/hfsucher.kklick.com\/wp-content\/uploads\/2014\/06\/Gro\u00dfer-Garten-I1442-150x1501.jpg\" class=\"attachment-thumbnail size-thumbnail\" alt=\"\" \/><\/a>\n\t\t\t<\/div><\/figure><figure class='gallery-item'>\n\t\t\t<div class='gallery-icon landscape'>\n\t\t\t\t<a href='http:\/\/hfsucher.kklick.com\/?attachment_id=526'><img loading=\"lazy\" decoding=\"async\" width=\"150\" height=\"150\" src=\"http:\/\/hfsucher.kklick.com\/wp-content\/uploads\/2014\/06\/Gro\u00dfer-Garten-I1439-150x1501.jpg\" class=\"attachment-thumbnail size-thumbnail\" alt=\"\" \/><\/a>\n\t\t\t<\/div><\/figure><figure class='gallery-item'>\n\t\t\t<div class='gallery-icon landscape'>\n\t\t\t\t<a href='http:\/\/hfsucher.kklick.com\/?attachment_id=525'><img loading=\"lazy\" decoding=\"async\" width=\"150\" height=\"150\" src=\"http:\/\/hfsucher.kklick.com\/wp-content\/uploads\/2014\/06\/Gro\u00dfer-Garten-I1436-150x1501.jpg\" class=\"attachment-thumbnail size-thumbnail\" alt=\"\" \/><\/a>\n\t\t\t<\/div><\/figure><figure class='gallery-item'>\n\t\t\t<div class='gallery-icon landscape'>\n\t\t\t\t<a href='http:\/\/hfsucher.kklick.com\/?attachment_id=524'><img loading=\"lazy\" decoding=\"async\" width=\"150\" height=\"150\" src=\"http:\/\/hfsucher.kklick.com\/wp-content\/uploads\/2014\/06\/Br\u00fctende-Schw\u00e4ne-I1432-150x1501.jpg\" class=\"attachment-thumbnail size-thumbnail\" alt=\"\" \/><\/a>\n\t\t\t<\/div><\/figure><figure class='gallery-item'>\n\t\t\t<div class='gallery-icon landscape'>\n\t\t\t\t<a href='http:\/\/hfsucher.kklick.com\/?attachment_id=521'><img loading=\"lazy\" decoding=\"async\" width=\"150\" height=\"150\" src=\"http:\/\/hfsucher.kklick.com\/wp-content\/uploads\/2014\/06\/Wasserspiel-D-I1434-150x150.jpg\" class=\"attachment-thumbnail size-thumbnail\" alt=\"\" \/><\/a>\n\t\t\t<\/div><\/figure><figure class='gallery-item'>\n\t\t\t<div class='gallery-icon landscape'>\n\t\t\t\t<a href='http:\/\/hfsucher.kklick.com\/?attachment_id=522'><img loading=\"lazy\" decoding=\"async\" width=\"150\" height=\"150\" src=\"http:\/\/hfsucher.kklick.com\/wp-content\/uploads\/2014\/06\/Wasserspiel-I1434-150x150.jpg\" class=\"attachment-thumbnail size-thumbnail\" alt=\"\" \/><\/a>\n\t\t\t<\/div><\/figure><figure class='gallery-item'>\n\t\t\t<div class='gallery-icon landscape'>\n\t\t\t\t<a href='http:\/\/hfsucher.kklick.com\/?attachment_id=523'><img loading=\"lazy\" decoding=\"async\" width=\"150\" height=\"150\" src=\"http:\/\/hfsucher.kklick.com\/wp-content\/uploads\/2014\/06\/Wasserspiel-I1435-150x150.jpg\" class=\"attachment-thumbnail size-thumbnail\" alt=\"\" \/><\/a>\n\t\t\t<\/div><\/figure><figure class='gallery-item'>\n\t\t\t<div class='gallery-icon portrait'>\n\t\t\t\t<a href='http:\/\/hfsucher.kklick.com\/?attachment_id=518'><img loading=\"lazy\" decoding=\"async\" width=\"150\" height=\"150\" src=\"http:\/\/hfsucher.kklick.com\/wp-content\/uploads\/2014\/06\/Gro\u00dfer-Garten-I1481-150x150.jpg\" class=\"attachment-thumbnail size-thumbnail\" alt=\"\" \/><\/a>\n\t\t\t<\/div><\/figure><figure class='gallery-item'>\n\t\t\t<div class='gallery-icon portrait'>\n\t\t\t\t<a href='http:\/\/hfsucher.kklick.com\/?attachment_id=517'><img loading=\"lazy\" decoding=\"async\" width=\"150\" height=\"150\" src=\"http:\/\/hfsucher.kklick.com\/wp-content\/uploads\/2014\/06\/Gro\u00dfer-Garten-I1480-150x150.jpg\" class=\"attachment-thumbnail size-thumbnail\" alt=\"\" \/><\/a>\n\t\t\t<\/div><\/figure><figure class='gallery-item'>\n\t\t\t<div class='gallery-icon portrait'>\n\t\t\t\t<a href='http:\/\/hfsucher.kklick.com\/?attachment_id=516'><img loading=\"lazy\" decoding=\"async\" width=\"150\" height=\"150\" src=\"http:\/\/hfsucher.kklick.com\/wp-content\/uploads\/2014\/06\/Gro\u00dfer-Garten-I1479-150x150.jpg\" class=\"attachment-thumbnail size-thumbnail\" alt=\"\" \/><\/a>\n\t\t\t<\/div><\/figure><figure class='gallery-item'>\n\t\t\t<div class='gallery-icon portrait'>\n\t\t\t\t<a href='http:\/\/hfsucher.kklick.com\/?attachment_id=519'><img loading=\"lazy\" decoding=\"async\" width=\"150\" height=\"150\" src=\"http:\/\/hfsucher.kklick.com\/wp-content\/uploads\/2014\/06\/Gro\u00dfer-Garten-I1482-150x150.jpg\" class=\"attachment-thumbnail size-thumbnail\" alt=\"\" \/><\/a>\n\t\t\t<\/div><\/figure><figure class='gallery-item'>\n\t\t\t<div class='gallery-icon portrait'>\n\t\t\t\t<a href='http:\/\/hfsucher.kklick.com\/?attachment_id=520'><img loading=\"lazy\" decoding=\"async\" width=\"150\" height=\"150\" src=\"http:\/\/hfsucher.kklick.com\/wp-content\/uploads\/2014\/06\/Gro\u00dferGarten-I1437-150x150.jpg\" class=\"attachment-thumbnail size-thumbnail\" alt=\"\" \/><\/a>\n\t\t\t<\/div><\/figure><figure class='gallery-item'>\n\t\t\t<div class='gallery-icon portrait'>\n\t\t\t\t<a href='http:\/\/hfsucher.kklick.com\/?attachment_id=515'><img loading=\"lazy\" decoding=\"async\" width=\"150\" height=\"150\" src=\"http:\/\/hfsucher.kklick.com\/wp-content\/uploads\/2014\/06\/Gro\u00dfer-Garten-I1478-150x150.jpg\" class=\"attachment-thumbnail size-thumbnail\" alt=\"\" \/><\/a>\n\t\t\t<\/div><\/figure><figure class='gallery-item'>\n\t\t\t<div class='gallery-icon landscape'>\n\t\t\t\t<a href='http:\/\/hfsucher.kklick.com\/?attachment_id=513'><img loading=\"lazy\" decoding=\"async\" width=\"150\" height=\"150\" src=\"http:\/\/hfsucher.kklick.com\/wp-content\/uploads\/2014\/06\/Gro\u00dfer-Garten-I1476-150x150.jpg\" class=\"attachment-thumbnail size-thumbnail\" alt=\"\" \/><\/a>\n\t\t\t<\/div><\/figure><figure class='gallery-item'>\n\t\t\t<div class='gallery-icon landscape'>\n\t\t\t\t<a href='http:\/\/hfsucher.kklick.com\/?attachment_id=512'><img loading=\"lazy\" decoding=\"async\" width=\"150\" height=\"150\" src=\"http:\/\/hfsucher.kklick.com\/wp-content\/uploads\/2014\/06\/Gro\u00dfer-Garten-I1465-150x150.jpg\" class=\"attachment-thumbnail size-thumbnail\" alt=\"\" \/><\/a>\n\t\t\t<\/div><\/figure><figure class='gallery-item'>\n\t\t\t<div class='gallery-icon landscape'>\n\t\t\t\t<a href='http:\/\/hfsucher.kklick.com\/?attachment_id=511'><img loading=\"lazy\" decoding=\"async\" width=\"150\" height=\"150\" src=\"http:\/\/hfsucher.kklick.com\/wp-content\/uploads\/2014\/06\/Gro\u00dfer-Garten-I1464-150x150.jpg\" class=\"attachment-thumbnail size-thumbnail\" alt=\"\" \/><\/a>\n\t\t\t<\/div><\/figure><figure class='gallery-item'>\n\t\t\t<div class='gallery-icon portrait'>\n\t\t\t\t<a href='http:\/\/hfsucher.kklick.com\/?attachment_id=510'><img loading=\"lazy\" decoding=\"async\" width=\"150\" height=\"150\" src=\"http:\/\/hfsucher.kklick.com\/wp-content\/uploads\/2014\/06\/Gro\u00dfer-Garten-I1461-150x150.jpg\" class=\"attachment-thumbnail size-thumbnail\" alt=\"\" \/><\/a>\n\t\t\t<\/div><\/figure><figure class='gallery-item'>\n\t\t\t<div class='gallery-icon landscape'>\n\t\t\t\t<a href='http:\/\/hfsucher.kklick.com\/?attachment_id=509'><img loading=\"lazy\" decoding=\"async\" width=\"150\" height=\"150\" src=\"http:\/\/hfsucher.kklick.com\/wp-content\/uploads\/2014\/06\/Gro\u00dfer-Garten-I1460-150x150.jpg\" class=\"attachment-thumbnail size-thumbnail\" alt=\"\" \/><\/a>\n\t\t\t<\/div><\/figure><figure class='gallery-item'>\n\t\t\t<div class='gallery-icon landscape'>\n\t\t\t\t<a href='http:\/\/hfsucher.kklick.com\/?attachment_id=508'><img loading=\"lazy\" decoding=\"async\" width=\"150\" height=\"150\" src=\"http:\/\/hfsucher.kklick.com\/wp-content\/uploads\/2014\/06\/Gro\u00dfer-Garten-I1459-150x150.jpg\" class=\"attachment-thumbnail size-thumbnail\" alt=\"\" \/><\/a>\n\t\t\t<\/div><\/figure><figure class='gallery-item'>\n\t\t\t<div class='gallery-icon portrait'>\n\t\t\t\t<a href='http:\/\/hfsucher.kklick.com\/?attachment_id=507'><img loading=\"lazy\" decoding=\"async\" width=\"150\" height=\"150\" src=\"http:\/\/hfsucher.kklick.com\/wp-content\/uploads\/2014\/06\/Gro\u00dfer-Garten-I1458-150x150.jpg\" class=\"attachment-thumbnail size-thumbnail\" alt=\"\" \/><\/a>\n\t\t\t<\/div><\/figure><figure class='gallery-item'>\n\t\t\t<div class='gallery-icon landscape'>\n\t\t\t\t<a href='http:\/\/hfsucher.kklick.com\/?attachment_id=506'><img loading=\"lazy\" decoding=\"async\" width=\"150\" height=\"150\" src=\"http:\/\/hfsucher.kklick.com\/wp-content\/uploads\/2014\/06\/Gro\u00dfer-Garten-I1457-150x150.jpg\" class=\"attachment-thumbnail size-thumbnail\" alt=\"\" \/><\/a>\n\t\t\t<\/div><\/figure><figure class='gallery-item'>\n\t\t\t<div class='gallery-icon landscape'>\n\t\t\t\t<a href='http:\/\/hfsucher.kklick.com\/?attachment_id=501'><img loading=\"lazy\" decoding=\"async\" width=\"150\" height=\"150\" src=\"http:\/\/hfsucher.kklick.com\/wp-content\/uploads\/2014\/06\/Gro\u00dfer-Garten-I1451-150x150.jpg\" class=\"attachment-thumbnail size-thumbnail\" alt=\"\" \/><\/a>\n\t\t\t<\/div><\/figure><figure class='gallery-item'>\n\t\t\t<div class='gallery-icon portrait'>\n\t\t\t\t<a href='http:\/\/hfsucher.kklick.com\/?attachment_id=502'><img loading=\"lazy\" decoding=\"async\" width=\"150\" height=\"150\" src=\"http:\/\/hfsucher.kklick.com\/wp-content\/uploads\/2014\/06\/Gro\u00dfer-Garten-I1452-150x150.jpg\" class=\"attachment-thumbnail size-thumbnail\" alt=\"\" \/><\/a>\n\t\t\t<\/div><\/figure><figure class='gallery-item'>\n\t\t\t<div class='gallery-icon landscape'>\n\t\t\t\t<a href='http:\/\/hfsucher.kklick.com\/?attachment_id=503'><img loading=\"lazy\" decoding=\"async\" width=\"150\" height=\"150\" src=\"http:\/\/hfsucher.kklick.com\/wp-content\/uploads\/2014\/06\/Gro\u00dfer-Garten-I1453-150x150.jpg\" class=\"attachment-thumbnail size-thumbnail\" alt=\"\" \/><\/a>\n\t\t\t<\/div><\/figure><figure class='gallery-item'>\n\t\t\t<div class='gallery-icon portrait'>\n\t\t\t\t<a href='http:\/\/hfsucher.kklick.com\/?attachment_id=504'><img loading=\"lazy\" decoding=\"async\" width=\"150\" height=\"150\" src=\"http:\/\/hfsucher.kklick.com\/wp-content\/uploads\/2014\/06\/Gro\u00dfer-Garten-I1454-150x150.jpg\" class=\"attachment-thumbnail size-thumbnail\" alt=\"\" \/><\/a>\n\t\t\t<\/div><\/figure><figure class='gallery-item'>\n\t\t\t<div class='gallery-icon portrait'>\n\t\t\t\t<a href='http:\/\/hfsucher.kklick.com\/?attachment_id=505'><img loading=\"lazy\" decoding=\"async\" width=\"150\" height=\"150\" src=\"http:\/\/hfsucher.kklick.com\/wp-content\/uploads\/2014\/06\/Gro\u00dfer-Garten-I1456-150x150.jpg\" class=\"attachment-thumbnail size-thumbnail\" alt=\"\" \/><\/a>\n\t\t\t<\/div><\/figure><figure class='gallery-item'>\n\t\t\t<div class='gallery-icon portrait'>\n\t\t\t\t<a href='http:\/\/hfsucher.kklick.com\/?attachment_id=500'><img loading=\"lazy\" decoding=\"async\" width=\"150\" height=\"150\" src=\"http:\/\/hfsucher.kklick.com\/wp-content\/uploads\/2014\/06\/Gro\u00dfer-Garten-I1450-150x150.jpg\" class=\"attachment-thumbnail size-thumbnail\" alt=\"\" \/><\/a>\n\t\t\t<\/div><\/figure><figure class='gallery-item'>\n\t\t\t<div class='gallery-icon landscape'>\n\t\t\t\t<a href='http:\/\/hfsucher.kklick.com\/?attachment_id=499'><img loading=\"lazy\" decoding=\"async\" width=\"150\" height=\"150\" src=\"http:\/\/hfsucher.kklick.com\/wp-content\/uploads\/2014\/06\/Gro\u00dfer-Garten-I1449-150x150.jpg\" class=\"attachment-thumbnail size-thumbnail\" alt=\"\" \/><\/a>\n\t\t\t<\/div><\/figure><figure class='gallery-item'>\n\t\t\t<div class='gallery-icon landscape'>\n\t\t\t\t<a href='http:\/\/hfsucher.kklick.com\/?attachment_id=498'><img loading=\"lazy\" decoding=\"async\" width=\"150\" height=\"150\" src=\"http:\/\/hfsucher.kklick.com\/wp-content\/uploads\/2014\/06\/Gro\u00dfer-Garten-I1448-150x150.jpg\" class=\"attachment-thumbnail size-thumbnail\" alt=\"\" \/><\/a>\n\t\t\t<\/div><\/figure><figure class='gallery-item'>\n\t\t\t<div class='gallery-icon portrait'>\n\t\t\t\t<a href='http:\/\/hfsucher.kklick.com\/?attachment_id=497'><img loading=\"lazy\" decoding=\"async\" width=\"150\" height=\"150\" src=\"http:\/\/hfsucher.kklick.com\/wp-content\/uploads\/2014\/06\/Gro\u00dfer-Garten-I1447-150x150.jpg\" class=\"attachment-thumbnail size-thumbnail\" alt=\"\" \/><\/a>\n\t\t\t<\/div><\/figure><figure class='gallery-item'>\n\t\t\t<div class='gallery-icon portrait'>\n\t\t\t\t<a href='http:\/\/hfsucher.kklick.com\/?attachment_id=496'><img loading=\"lazy\" decoding=\"async\" width=\"150\" height=\"150\" src=\"http:\/\/hfsucher.kklick.com\/wp-content\/uploads\/2014\/06\/Gro\u00dfer-Garten-I1446-150x150.jpg\" class=\"attachment-thumbnail size-thumbnail\" alt=\"\" \/><\/a>\n\t\t\t<\/div><\/figure><figure class='gallery-item'>\n\t\t\t<div class='gallery-icon landscape'>\n\t\t\t\t<a href='http:\/\/hfsucher.kklick.com\/?attachment_id=495'><img loading=\"lazy\" decoding=\"async\" width=\"150\" height=\"150\" src=\"http:\/\/hfsucher.kklick.com\/wp-content\/uploads\/2014\/06\/Gro\u00dfer-Garten-I1445-150x150.jpg\" class=\"attachment-thumbnail size-thumbnail\" alt=\"\" \/><\/a>\n\t\t\t<\/div><\/figure><figure class='gallery-item'>\n\t\t\t<div class='gallery-icon landscape'>\n\t\t\t\t<a href='http:\/\/hfsucher.kklick.com\/?attachment_id=494'><img loading=\"lazy\" decoding=\"async\" width=\"150\" height=\"150\" src=\"http:\/\/hfsucher.kklick.com\/wp-content\/uploads\/2014\/06\/Gro\u00dfer-Garten-I1444-150x150.jpg\" class=\"attachment-thumbnail size-thumbnail\" alt=\"\" \/><\/a>\n\t\t\t<\/div><\/figure><figure class='gallery-item'>\n\t\t\t<div class='gallery-icon portrait'>\n\t\t\t\t<a href='http:\/\/hfsucher.kklick.com\/?attachment_id=493'><img loading=\"lazy\" decoding=\"async\" width=\"150\" height=\"150\" src=\"http:\/\/hfsucher.kklick.com\/wp-content\/uploads\/2014\/06\/Gro\u00dfer-Garten-I1443-150x150.jpg\" class=\"attachment-thumbnail size-thumbnail\" alt=\"\" \/><\/a>\n\t\t\t<\/div><\/figure><figure class='gallery-item'>\n\t\t\t<div class='gallery-icon portrait'>\n\t\t\t\t<a href='http:\/\/hfsucher.kklick.com\/?attachment_id=492'><img loading=\"lazy\" decoding=\"async\" width=\"150\" height=\"150\" src=\"http:\/\/hfsucher.kklick.com\/wp-content\/uploads\/2014\/06\/Gro\u00dfer-Garten-I1442-150x150.jpg\" class=\"attachment-thumbnail size-thumbnail\" alt=\"\" \/><\/a>\n\t\t\t<\/div><\/figure><figure class='gallery-item'>\n\t\t\t<div class='gallery-icon portrait'>\n\t\t\t\t<a href='http:\/\/hfsucher.kklick.com\/?attachment_id=491'><img loading=\"lazy\" decoding=\"async\" width=\"150\" height=\"150\" src=\"http:\/\/hfsucher.kklick.com\/wp-content\/uploads\/2014\/06\/Gro\u00dfer-Garten-I1441-150x150.jpg\" class=\"attachment-thumbnail size-thumbnail\" alt=\"\" \/><\/a>\n\t\t\t<\/div><\/figure><figure class='gallery-item'>\n\t\t\t<div class='gallery-icon landscape'>\n\t\t\t\t<a href='http:\/\/hfsucher.kklick.com\/?attachment_id=488'><img loading=\"lazy\" decoding=\"async\" width=\"150\" height=\"150\" src=\"http:\/\/hfsucher.kklick.com\/wp-content\/uploads\/2014\/06\/Br\u00fctende-Schw\u00e4ne-I1432-150x150.jpg\" class=\"attachment-thumbnail size-thumbnail\" alt=\"\" \/><\/a>\n\t\t\t<\/div><\/figure><figure class='gallery-item'>\n\t\t\t<div class='gallery-icon landscape'>\n\t\t\t\t<a href='http:\/\/hfsucher.kklick.com\/?attachment_id=489'><img loading=\"lazy\" decoding=\"async\" width=\"150\" height=\"150\" src=\"http:\/\/hfsucher.kklick.com\/wp-content\/uploads\/2014\/06\/Gro\u00dfer-Garten-I1436-150x150.jpg\" class=\"attachment-thumbnail size-thumbnail\" alt=\"\" \/><\/a>\n\t\t\t<\/div><\/figure><figure class='gallery-item'>\n\t\t\t<div class='gallery-icon portrait'>\n\t\t\t\t<a href='http:\/\/hfsucher.kklick.com\/?attachment_id=490'><img loading=\"lazy\" decoding=\"async\" width=\"150\" height=\"150\" src=\"http:\/\/hfsucher.kklick.com\/wp-content\/uploads\/2014\/06\/Gro\u00dfer-Garten-I1439-150x150.jpg\" class=\"attachment-thumbnail size-thumbnail\" alt=\"\" \/><\/a>\n\t\t\t<\/div><\/figure>\n\t\t<\/div>\n\n<p><!--  Zellen fuer Disclaimer --><\/p>\n<p><!--  --><\/p>\n<table style=\"color: #0000ff;\" border=\"0\" width=\"510\" cellspacing=\"0\" cellpadding=\"2\" bgcolor=\"#0ce0c0\">\n<tbody>\n<tr>\n<td style=\"text-align: center; color: #000000;\" align=\"middle\" valign=\"Center\" width=\"170\"><span style=\"font-size: 12px;\"> <strong><span style=\"color: #3366ff;\"><a title=\"Disclaimer\" href=\"http:\/\/hfsucher.kklick.com\/?page_id=132\"><span style=\"color: #3366ff;\">Disclaimer<\/span><\/a><\/span><\/strong><br \/>\n<\/span><\/td>\n<td style=\"text-align: center; color: #000000;\" align=\"middle\" valign=\"Center\" width=\"170\"><strong><span style=\"color: #0000ff;\"><span style=\"font-size: 12px;\">Start<\/span><\/span><\/strong><\/td>\n<td style=\"text-align: center; color: #000000;\" align=\"middle\" valign=\"Center\" width=\"170\"><span style=\"font-size: 12px;\"> <strong><a title=\"Start\" href=\"http:\/\/hfsucher.kklick.com\/?page_id=98\"><span style=\"color: #0000ff;\">Zur\u00fcck<\/span><\/a><\/strong><br \/>\n<\/span><\/td>\n<\/tr>\n<\/tbody>\n<\/table>\n","protected":false},"excerpt":{"rendered":"<p>Habt Ihr gewusst, das der Gro\u00dfe Garten schon gegen Ende des 17. Jahrhunderts von den welfischen Kurf\u00fcrsten erbaut wurde und ca. 50 Hektar gro\u00df ist? die gro\u00dfe Font\u00e4ne 1721 schon 36m hohe Font\u00e4nen und seit 1856 sogar 56m hohe Font\u00e4nen produziert, die bei windstille sogar bis zu 72m emporschie\u00dfen k\u00f6nnen? das die goldenen Figuren im &hellip; <a href=\"http:\/\/hfsucher.kklick.com\/?page_id=532\" class=\"more-link\"><span class=\"screen-reader-text\">Hannover Grosser Garten<\/span> weiterlesen <span class=\"meta-nav\">&rarr;<\/span><\/a><\/p>\n","protected":false},"author":1,"featured_media":0,"parent":468,"menu_order":3,"comment_status":"open","ping_status":"closed","template":"","meta":{"footnotes":""},"class_list":["post-532","page","type-page","status-publish","hentry"],"_links":{"self":[{"href":"http:\/\/hfsucher.kklick.com\/index.php?rest_route=\/wp\/v2\/pages\/532","targetHints":{"allow":["GET"]}}],"collection":[{"href":"http:\/\/hfsucher.kklick.com\/index.php?rest_route=\/wp\/v2\/pages"}],"about":[{"href":"http:\/\/hfsucher.kklick.com\/index.php?rest_route=\/wp\/v2\/types\/page"}],"author":[{"embeddable":true,"href":"http:\/\/hfsucher.kklick.com\/index.php?rest_route=\/wp\/v2\/users\/1"}],"replies":[{"embeddable":true,"href":"http:\/\/hfsucher.kklick.com\/index.php?rest_route=%2Fwp%2Fv2%2Fcomments&post=532"}],"version-history":[{"count":4,"href":"http:\/\/hfsucher.kklick.com\/index.php?rest_route=\/wp\/v2\/pages\/532\/revisions"}],"predecessor-version":[{"id":930,"href":"http:\/\/hfsucher.kklick.com\/index.php?rest_route=\/wp\/v2\/pages\/532\/revisions\/930"}],"up":[{"embeddable":true,"href":"http:\/\/hfsucher.kklick.com\/index.php?rest_route=\/wp\/v2\/pages\/468"}],"wp:attachment":[{"href":"http:\/\/hfsucher.kklick.com\/index.php?rest_route=%2Fwp%2Fv2%2Fmedia&parent=532"}],"curies":[{"name":"wp","href":"https:\/\/api.w.org\/{rel}","templated":true}]}}