{"id":728,"date":"2014-06-18T23:25:43","date_gmt":"2014-06-18T23:25:43","guid":{"rendered":"http:\/\/hfsucher.kklick.com\/?page_id=728"},"modified":"2014-07-02T07:13:56","modified_gmt":"2014-07-02T07:13:56","slug":"auch-gesehen","status":"publish","type":"page","link":"http:\/\/hfsucher.kklick.com\/?page_id=728","title":{"rendered":"Aufgefallen &#8211; Seltsam"},"content":{"rendered":"<figure id=\"attachment_864\" aria-describedby=\"caption-attachment-864\" style=\"width: 300px\" class=\"wp-caption alignnone\"><a href=\"http:\/\/hfsucher.kklick.com\/wp-content\/uploads\/2014\/06\/W\u00e4chter-I0029.jpg\"><img loading=\"lazy\" decoding=\"async\" class=\"wp-image-864 size-medium\" src=\"http:\/\/hfsucher.kklick.com\/wp-content\/uploads\/2014\/06\/W\u00e4chter-I0029-300x137.jpg\" alt=\"Stadtwache\" width=\"300\" height=\"137\" srcset=\"http:\/\/hfsucher.kklick.com\/wp-content\/uploads\/2014\/06\/W\u00e4chter-I0029-300x137.jpg 300w, http:\/\/hfsucher.kklick.com\/wp-content\/uploads\/2014\/06\/W\u00e4chter-I0029.jpg 1024w\" sizes=\"auto, (max-width: 300px) 100vw, 300px\" \/><\/a><figcaption id=\"caption-attachment-864\" class=\"wp-caption-text\">Stadtwache<\/figcaption><\/figure>\n<p><span style=\"color: #0000ff;\">Diese &#8222;Stadtw\u00e4chter&#8220; stehen in Strehla\/Sachsen.<\/span><\/p>\n<hr \/>\n<p><span style=\"color: #0000ff;\">Teile des alten Nicolaifriedhofes in Hannover. Die schattigen Pl\u00e4tze unter de B\u00e4umen werden im Sommer gerne f\u00fcr Ruhepausen genutzt.<\/span><\/p>\n<p><div id='gallery-1' class='gallery galleryid-728 gallery-columns-3 gallery-size-thumbnail'><figure class='gallery-item'>\n\t\t\t<div class='gallery-icon landscape'>\n\t\t\t\t<a href='http:\/\/hfsucher.kklick.com\/?attachment_id=863'><img loading=\"lazy\" decoding=\"async\" width=\"150\" height=\"150\" src=\"http:\/\/hfsucher.kklick.com\/wp-content\/uploads\/2014\/06\/Ruhe-I0111-150x150.jpg\" class=\"attachment-thumbnail size-thumbnail\" alt=\"\" \/><\/a>\n\t\t\t<\/div><\/figure><figure class='gallery-item'>\n\t\t\t<div class='gallery-icon landscape'>\n\t\t\t\t<a href='http:\/\/hfsucher.kklick.com\/?attachment_id=862'><img loading=\"lazy\" decoding=\"async\" width=\"150\" height=\"150\" src=\"http:\/\/hfsucher.kklick.com\/wp-content\/uploads\/2014\/06\/Relaxen-I0112-150x150.jpg\" class=\"attachment-thumbnail size-thumbnail\" alt=\"\" \/><\/a>\n\t\t\t<\/div><\/figure><figure class='gallery-item'>\n\t\t\t<div class='gallery-icon landscape'>\n\t\t\t\t<a href='http:\/\/hfsucher.kklick.com\/?attachment_id=861'><img loading=\"lazy\" decoding=\"async\" width=\"150\" height=\"150\" src=\"http:\/\/hfsucher.kklick.com\/wp-content\/uploads\/2014\/06\/Erinnerung-I0110-150x150.jpg\" class=\"attachment-thumbnail size-thumbnail\" alt=\"\" \/><\/a>\n\t\t\t<\/div><\/figure>\n\t\t<\/div>\n<br \/>\n<span style=\"color: #0000ff;\">Leider ist der Friedhof inzwischen im Zuge einer Umgestaltung der Gooseriede &#8222;geordnet&#8220; worden.<\/span><\/p>\n<hr \/>\n<p>&nbsp;<\/p>\n<p>&nbsp;<\/p>\n<table style=\"color: #000000;\" border=\"2\" width=\"600\" cellspacing=\"1\" cellpadding=\"2\" bgcolor=\"#eee8aa\">\n<tbody>\n<tr><!--  <!--  --><!--  --><!--  --><\/tr>\n<\/tbody>\n<p><!--\n\n\n<tbody>\n\n\n<tr valign=\"top\">\n\n\n<td width=\"160\">a<\/td>\n\n\n\n\n<td width=\"160\">b<\/td>\n\n\n\n\n<td width=\"160\">c<\/td>\n\n\n<\/tr>\n\n\n\n\n<tr valign=\"top\">\n\n\n<td>d<\/td>\n\n\n\n\n<td>e<\/td>\n\n\n\n\n<td>f<\/td>\n\n\n<\/tr>\n\n\n<\/tbody>\n\n\n--> <!--  --> <!--  Zellen fuer Disclaimer --> <!--  Zellen fuer Disclaimer --> <!--  --> <!-- Disclaimer --> <!--  --><\/p>\n<tbody>\n<tr>\n<td style=\"text-align: center; color: #000000;\" align=\"middle\" valign=\"Center\" width=\"170\"><span style=\"font-size: 12px;\"> <strong><span style=\"color: #3366ff;\"><a title=\"Disclaimer\" href=\"http:\/\/hfsucher.kklick.com\/?page_id=132\"><span style=\"color: #3366ff;\">Disclaimer<\/span><\/a><\/span><\/strong><br \/>\n<\/span><\/td>\n<td style=\"text-align: center; color: #000000;\" align=\"middle\" valign=\"Center\" width=\"170\"><a title=\"Start\" href=\"http:\/\/hfsucher.kklick.com\/\"><strong><span style=\"color: #0000ff;\"><span style=\"font-size: 12px;\">Start<\/span><\/span><\/strong><\/a><\/td>\n<td style=\"text-align: center; color: #000000;\" align=\"middle\" valign=\"Center\" width=\"170\"><a title=\"Splitter\" href=\"http:\/\/hfsucher.kklick.com\/?page_id=1261\"><span style=\"font-size: 12px;\"> <strong><span style=\"color: #0000ff;\">Zur\u00fcck<\/span><\/strong><br \/>\n<\/span><\/a><\/td>\n<\/tr>\n<\/tbody>\n<\/table>\n","protected":false},"excerpt":{"rendered":"<p>Diese &#8222;Stadtw\u00e4chter&#8220; stehen in Strehla\/Sachsen. Teile des alten Nicolaifriedhofes in Hannover. Die schattigen Pl\u00e4tze unter de B\u00e4umen werden im Sommer gerne f\u00fcr Ruhepausen genutzt. Leider ist der Friedhof inzwischen im Zuge einer Umgestaltung der Gooseriede &#8222;geordnet&#8220; worden. &nbsp; &nbsp; Disclaimer Start Zur\u00fcck<\/p>\n","protected":false},"author":1,"featured_media":0,"parent":1261,"menu_order":3,"comment_status":"open","ping_status":"closed","template":"","meta":{"footnotes":""},"class_list":["post-728","page","type-page","status-publish","hentry"],"_links":{"self":[{"href":"http:\/\/hfsucher.kklick.com\/index.php?rest_route=\/wp\/v2\/pages\/728","targetHints":{"allow":["GET"]}}],"collection":[{"href":"http:\/\/hfsucher.kklick.com\/index.php?rest_route=\/wp\/v2\/pages"}],"about":[{"href":"http:\/\/hfsucher.kklick.com\/index.php?rest_route=\/wp\/v2\/types\/page"}],"author":[{"embeddable":true,"href":"http:\/\/hfsucher.kklick.com\/index.php?rest_route=\/wp\/v2\/users\/1"}],"replies":[{"embeddable":true,"href":"http:\/\/hfsucher.kklick.com\/index.php?rest_route=%2Fwp%2Fv2%2Fcomments&post=728"}],"version-history":[{"count":8,"href":"http:\/\/hfsucher.kklick.com\/index.php?rest_route=\/wp\/v2\/pages\/728\/revisions"}],"predecessor-version":[{"id":1333,"href":"http:\/\/hfsucher.kklick.com\/index.php?rest_route=\/wp\/v2\/pages\/728\/revisions\/1333"}],"up":[{"embeddable":true,"href":"http:\/\/hfsucher.kklick.com\/index.php?rest_route=\/wp\/v2\/pages\/1261"}],"wp:attachment":[{"href":"http:\/\/hfsucher.kklick.com\/index.php?rest_route=%2Fwp%2Fv2%2Fmedia&parent=728"}],"curies":[{"name":"wp","href":"https:\/\/api.w.org\/{rel}","templated":true}]}}