{"id":954,"date":"2014-06-24T12:56:24","date_gmt":"2014-06-24T12:56:24","guid":{"rendered":"http:\/\/hfsucher.kklick.com\/?page_id=954"},"modified":"2014-06-25T13:28:29","modified_gmt":"2014-06-25T13:28:29","slug":"strehla","status":"publish","type":"page","link":"http:\/\/hfsucher.kklick.com\/?page_id=954","title":{"rendered":"Strehla"},"content":{"rendered":"<table style=\"color: #000000;\" border=\"0\" width=\"600\" cellspacing=\"0\" cellpadding=\"2\" bgcolor=\"#eee8aa\">\n<tbody>\n<tr><!--  --><!--  --><!--  --><\/p>\n<td style=\"text-align: left; color: #000000;\" valign=\"top\" bgcolor=\"#eee8aa\" height=\"1300\"><span style=\"color: #3366ff;\"><span style=\"color: #3366ff;\"><span style=\"color: #3366ff;\">\u00a0<span style=\"font-size: 12px;\">Strehla ist eine Stadt an der Elbe im Landkreis Mei\u00dfen in Sachsen die bereits 1002 erstmalig urkundlich erw\u00e4hnt wurde. Der Name soll sich vom altsorbischen <em>strela<\/em> ableiten, was so viel wie &#8222;Pfeil&#8220; bedeutet. Die Stadt liegt zwischen Riesa und Torgau an der &#8222;Hohen Stra\u00dfe&#8220;, eine alte Handelsstra\u00dfe &#8211; auch als &#8222;Alte Salzstra\u00dfe&#8220; benannt &#8211; die von G\u00f6rlitz \u00fcber Leipzig unter anderem auch nach Santiago de Compostela f\u00fchrte. An den, als &#8222;Jacobsweg&#8220; bekannten Pilgerweg erinnern zahlreiche Zeugnisse in der Stadt, unter anderem auch viele Abbildungen von Jakobsmuscheln. Dominiert wird die Stadt von Schloss Strehla. Auf der, urspr\u00fcnglich als Burg erbauten Anlage, residierten die &#8222;Herren von Strehle&#8220; die zu den Nachfahren Widukinds z\u00e4hlen sollen. Von hier konnte die Fuhrt durch die Elbe &#8211; die nur einen Pfeilschuss entfernt war &#8211; gut besch\u00fctzt werden.<br \/>\n<span style=\"color: #0000ff;\">Weitere Informationen findet Ihr unter Strehla.de und in Wikipedia<\/span><\/span><\/span><\/span><\/span><\/p>\n<hr \/>\n<p><div id='gallery-1' class='gallery galleryid-954 gallery-columns-3 gallery-size-thumbnail'><figure class='gallery-item'>\n\t\t\t<div class='gallery-icon landscape'>\n\t\t\t\t<a href='http:\/\/hfsucher.kklick.com\/?attachment_id=980'><img loading=\"lazy\" decoding=\"async\" width=\"150\" height=\"150\" src=\"http:\/\/hfsucher.kklick.com\/wp-content\/uploads\/2014\/06\/Strehla-Rathaus-G00372-150x150.jpg\" class=\"attachment-thumbnail size-thumbnail\" alt=\"\" aria-describedby=\"gallery-1-980\" \/><\/a>\n\t\t\t<\/div>\n\t\t\t\t<figcaption class='wp-caption-text gallery-caption' id='gallery-1-980'>\n\t\t\t\tStrehla Rathaus\n\t\t\t\t<\/figcaption><\/figure><figure class='gallery-item'>\n\t\t\t<div class='gallery-icon portrait'>\n\t\t\t\t<a href='http:\/\/hfsucher.kklick.com\/?attachment_id=970'><img loading=\"lazy\" decoding=\"async\" width=\"150\" height=\"150\" src=\"http:\/\/hfsucher.kklick.com\/wp-content\/uploads\/2014\/06\/Strahla-Postdistanzs\u00e4ule-G00370-H-150x150.jpg\" class=\"attachment-thumbnail size-thumbnail\" alt=\"\" aria-describedby=\"gallery-1-970\" \/><\/a>\n\t\t\t<\/div>\n\t\t\t\t<figcaption class='wp-caption-text gallery-caption' id='gallery-1-970'>\n\t\t\t\tPostdistanzs\u00e4ule\n\t\t\t\t<\/figcaption><\/figure><figure class='gallery-item'>\n\t\t\t<div class='gallery-icon portrait'>\n\t\t\t\t<a href='http:\/\/hfsucher.kklick.com\/?attachment_id=959'><img loading=\"lazy\" decoding=\"async\" width=\"150\" height=\"150\" src=\"http:\/\/hfsucher.kklick.com\/wp-content\/uploads\/2014\/06\/Postdistanzs\u00e4ule-G00371-150x150.jpg\" class=\"attachment-thumbnail size-thumbnail\" alt=\"\" aria-describedby=\"gallery-1-959\" \/><\/a>\n\t\t\t<\/div>\n\t\t\t\t<figcaption class='wp-caption-text gallery-caption' id='gallery-1-959'>\n\t\t\t\tPostdistanzs\u00e4ule\n\t\t\t\t<\/figcaption><\/figure><figure class='gallery-item'>\n\t\t\t<div class='gallery-icon landscape'>\n\t\t\t\t<a href='http:\/\/hfsucher.kklick.com\/?attachment_id=968'><img loading=\"lazy\" decoding=\"async\" width=\"150\" height=\"150\" src=\"http:\/\/hfsucher.kklick.com\/wp-content\/uploads\/2014\/06\/Stadtkirche-Strehla-I0299-B-150x150.jpg\" class=\"attachment-thumbnail size-thumbnail\" alt=\"\" aria-describedby=\"gallery-1-968\" \/><\/a>\n\t\t\t<\/div>\n\t\t\t\t<figcaption class='wp-caption-text gallery-caption' id='gallery-1-968'>\n\t\t\t\tStadtkirche von Strehla\n\t\t\t\t<\/figcaption><\/figure><figure class='gallery-item'>\n\t\t\t<div class='gallery-icon portrait'>\n\t\t\t\t<a href='http:\/\/hfsucher.kklick.com\/?attachment_id=964'><img loading=\"lazy\" decoding=\"async\" width=\"150\" height=\"150\" src=\"http:\/\/hfsucher.kklick.com\/wp-content\/uploads\/2014\/06\/Stadtkirche-Strehla-G00369-150x150.jpg\" class=\"attachment-thumbnail size-thumbnail\" alt=\"\" aria-describedby=\"gallery-1-964\" \/><\/a>\n\t\t\t<\/div>\n\t\t\t\t<figcaption class='wp-caption-text gallery-caption' id='gallery-1-964'>\n\t\t\t\tStadtkirche von Strehla\n\t\t\t\t<\/figcaption><\/figure><figure class='gallery-item'>\n\t\t\t<div class='gallery-icon portrait'>\n\t\t\t\t<a href='http:\/\/hfsucher.kklick.com\/?attachment_id=960'><img loading=\"lazy\" decoding=\"async\" width=\"150\" height=\"150\" src=\"http:\/\/hfsucher.kklick.com\/wp-content\/uploads\/2014\/06\/Stadtkirche-Strehla-G00358-150x150.jpg\" class=\"attachment-thumbnail size-thumbnail\" alt=\"\" aria-describedby=\"gallery-1-960\" \/><\/a>\n\t\t\t<\/div>\n\t\t\t\t<figcaption class='wp-caption-text gallery-caption' id='gallery-1-960'>\n\t\t\t\tStadtkirche von Strehla aus Richtung Torgau\n\t\t\t\t<\/figcaption><\/figure><figure class='gallery-item'>\n\t\t\t<div class='gallery-icon landscape'>\n\t\t\t\t<a href='http:\/\/hfsucher.kklick.com\/?attachment_id=971'><img loading=\"lazy\" decoding=\"async\" width=\"150\" height=\"150\" src=\"http:\/\/hfsucher.kklick.com\/wp-content\/uploads\/2014\/06\/Strehla-Gedenkmal-I0076-A-150x150.jpg\" class=\"attachment-thumbnail size-thumbnail\" alt=\"\" aria-describedby=\"gallery-1-971\" \/><\/a>\n\t\t\t<\/div>\n\t\t\t\t<figcaption class='wp-caption-text gallery-caption' id='gallery-1-971'>\n\t\t\t\tErinnerung an das Treffen der Armeen\n\t\t\t\t<\/figcaption><\/figure><figure class='gallery-item'>\n\t\t\t<div class='gallery-icon landscape'>\n\t\t\t\t<a href='http:\/\/hfsucher.kklick.com\/?attachment_id=976'><img loading=\"lazy\" decoding=\"async\" width=\"150\" height=\"150\" src=\"http:\/\/hfsucher.kklick.com\/wp-content\/uploads\/2014\/06\/Strehla-Hochwassermarke-1893-I0077-150x150.jpg\" class=\"attachment-thumbnail size-thumbnail\" alt=\"\" aria-describedby=\"gallery-1-976\" \/><\/a>\n\t\t\t<\/div>\n\t\t\t\t<figcaption class='wp-caption-text gallery-caption' id='gallery-1-976'>\n\t\t\t\tHochwassermarke von 1893\n\t\t\t\t<\/figcaption><\/figure><figure class='gallery-item'>\n\t\t\t<div class='gallery-icon landscape'>\n\t\t\t\t<a href='http:\/\/hfsucher.kklick.com\/?attachment_id=977'><img loading=\"lazy\" decoding=\"async\" width=\"150\" height=\"150\" src=\"http:\/\/hfsucher.kklick.com\/wp-content\/uploads\/2014\/06\/Strehla-Hochwassermarke-2002-I0078-150x150.jpg\" class=\"attachment-thumbnail size-thumbnail\" alt=\"\" aria-describedby=\"gallery-1-977\" \/><\/a>\n\t\t\t<\/div>\n\t\t\t\t<figcaption class='wp-caption-text gallery-caption' id='gallery-1-977'>\n\t\t\t\tHochwassermarke von 2002\n\t\t\t\t<\/figcaption><\/figure><figure class='gallery-item'>\n\t\t\t<div class='gallery-icon landscape'>\n\t\t\t\t<a href='http:\/\/hfsucher.kklick.com\/?attachment_id=978'><img loading=\"lazy\" decoding=\"async\" width=\"150\" height=\"150\" src=\"http:\/\/hfsucher.kklick.com\/wp-content\/uploads\/2014\/06\/Strehla-Hochwassermarken-I0086-150x150.jpg\" class=\"attachment-thumbnail size-thumbnail\" alt=\"\" aria-describedby=\"gallery-1-978\" \/><\/a>\n\t\t\t<\/div>\n\t\t\t\t<figcaption class='wp-caption-text gallery-caption' id='gallery-1-978'>\n\t\t\t\tZwei Hochwassermarken\n\t\t\t\t<\/figcaption><\/figure><figure class='gallery-item'>\n\t\t\t<div class='gallery-icon portrait'>\n\t\t\t\t<a href='http:\/\/hfsucher.kklick.com\/?attachment_id=981'><img loading=\"lazy\" decoding=\"async\" width=\"150\" height=\"150\" src=\"http:\/\/hfsucher.kklick.com\/wp-content\/uploads\/2014\/06\/Strehla-Ring-der-Freundschaft-I0082-150x150.jpg\" class=\"attachment-thumbnail size-thumbnail\" alt=\"\" aria-describedby=\"gallery-1-981\" \/><\/a>\n\t\t\t<\/div>\n\t\t\t\t<figcaption class='wp-caption-text gallery-caption' id='gallery-1-981'>\n\t\t\t\tRing der Freundschaft\n\t\t\t\t<\/figcaption><\/figure><figure class='gallery-item'>\n\t\t\t<div class='gallery-icon landscape'>\n\t\t\t\t<a href='http:\/\/hfsucher.kklick.com\/?attachment_id=974'><img loading=\"lazy\" decoding=\"async\" width=\"150\" height=\"150\" src=\"http:\/\/hfsucher.kklick.com\/wp-content\/uploads\/2014\/06\/Strehla-Erinnerungstafel-I0081-150x150.jpg\" class=\"attachment-thumbnail size-thumbnail\" alt=\"\" aria-describedby=\"gallery-1-974\" \/><\/a>\n\t\t\t<\/div>\n\t\t\t\t<figcaption class='wp-caption-text gallery-caption' id='gallery-1-974'>\n\t\t\t\tErinnerung an das Treffen der US-Army und der Roten Armee 1945\n\t\t\t\t<\/figcaption><\/figure><figure class='gallery-item'>\n\t\t\t<div class='gallery-icon landscape'>\n\t\t\t\t<a href='http:\/\/hfsucher.kklick.com\/?attachment_id=972'><img loading=\"lazy\" decoding=\"async\" width=\"150\" height=\"150\" src=\"http:\/\/hfsucher.kklick.com\/wp-content\/uploads\/2014\/06\/Strehla-Relief-I0083-150x150.jpg\" class=\"attachment-thumbnail size-thumbnail\" alt=\"\" aria-describedby=\"gallery-1-972\" \/><\/a>\n\t\t\t<\/div>\n\t\t\t\t<figcaption class='wp-caption-text gallery-caption' id='gallery-1-972'>\n\t\t\t\tRelief als Mahnmal\n\t\t\t\t<\/figcaption><\/figure><figure class='gallery-item'>\n\t\t\t<div class='gallery-icon landscape'>\n\t\t\t\t<a href='http:\/\/hfsucher.kklick.com\/?attachment_id=975'><img loading=\"lazy\" decoding=\"async\" width=\"150\" height=\"150\" src=\"http:\/\/hfsucher.kklick.com\/wp-content\/uploads\/2014\/06\/Strehla-F\u00e4hre-I0080-150x150.jpg\" class=\"attachment-thumbnail size-thumbnail\" alt=\"\" aria-describedby=\"gallery-1-975\" \/><\/a>\n\t\t\t<\/div>\n\t\t\t\t<figcaption class='wp-caption-text gallery-caption' id='gallery-1-975'>\n\t\t\t\tDie F\u00e4hre in Strehla\n\t\t\t\t<\/figcaption><\/figure><figure class='gallery-item'>\n\t\t\t<div class='gallery-icon landscape'>\n\t\t\t\t<a href='http:\/\/hfsucher.kklick.com\/?attachment_id=973'><img loading=\"lazy\" decoding=\"async\" width=\"150\" height=\"150\" src=\"http:\/\/hfsucher.kklick.com\/wp-content\/uploads\/2014\/06\/Strehla-Blick-auf-Lorenzmarkt-I0079-150x150.jpg\" class=\"attachment-thumbnail size-thumbnail\" alt=\"\" aria-describedby=\"gallery-1-973\" \/><\/a>\n\t\t\t<\/div>\n\t\t\t\t<figcaption class='wp-caption-text gallery-caption' id='gallery-1-973'>\n\t\t\t\tBlick nach Lorenzkirch auf den Lorenzmarkt\n\t\t\t\t<\/figcaption><\/figure>\n\t\t<\/div>\n<\/td>\n<\/tr>\n<tr>\n<td>\n<h6><span style=\"color: #00ccff;\">We<span style=\"color: #33cccc;\">iter zu <a title=\"Schlo\u00df Strehla\" href=\"http:\/\/hfsucher.kklick.com\/?page_id=1013\">Schlo\u00df Strehla<\/a><\/span><\/span><\/h6>\n<\/td>\n<\/tr>\n<\/tbody>\n<\/table>\n<p><!--  --><br \/>\n<!--  Zellen fuer Disclaimer --><!--  Zellen fuer Disclaimer --><br \/>\n<!--  --><\/p>\n<p><!--  --> <!--  Zellen fuer Disclaimer --><br \/>\n<!--  Zellen fuer Disclaimer --><br \/>\n<!--  --><br \/>\n<!--  --><\/p>\n<table style=\"color: #0000ff;\" border=\"0\" width=\"510\" cellspacing=\"0\" cellpadding=\"2\" bgcolor=\"#0ce0c0\">\n<tbody>\n<tr>\n<td style=\"text-align: center; color: #000000;\" align=\"middle\" valign=\"Center\" width=\"170\"><span style=\"font-size: 12px;\"> <strong><span style=\"color: #3366ff;\"><a title=\"Disclaimer\" href=\"http:\/\/hfsucher.kklick.com\/?page_id=132\"><span style=\"color: #3366ff;\">Disclaimer<\/span><\/a><\/span><\/strong><br \/>\n<\/span><\/td>\n<td style=\"text-align: center; color: #000000;\" align=\"middle\" valign=\"Center\" width=\"170\"><a title=\"Start\" href=\"http:\/\/hfsucher.kklick.com\/\"><strong><span style=\"color: #0000ff;\"><span style=\"font-size: 12px;\">Start<\/span><\/span><\/strong><\/a><\/td>\n<td style=\"text-align: center; color: #000000;\" align=\"middle\" valign=\"Center\" width=\"170\"><span style=\"font-size: 12px;\"><a title=\"Orte und St\u00e4dte\" href=\"http:\/\/hfsucher.kklick.com\/?page_id=195\"> <strong><span style=\"color: #0000ff;\">Zur\u00fcck<\/span><\/strong><\/a><br \/>\n<\/span><\/td>\n<\/tr>\n<\/tbody>\n<\/table>\n","protected":false},"excerpt":{"rendered":"<p>\u00a0Strehla ist eine Stadt an der Elbe im Landkreis Mei\u00dfen in Sachsen die bereits 1002 erstmalig urkundlich erw\u00e4hnt wurde. Der Name soll sich vom altsorbischen strela ableiten, was so viel wie &#8222;Pfeil&#8220; bedeutet. Die Stadt liegt zwischen Riesa und Torgau an der &#8222;Hohen Stra\u00dfe&#8220;, eine alte Handelsstra\u00dfe &#8211; auch als &#8222;Alte Salzstra\u00dfe&#8220; benannt &#8211; die &hellip; <a href=\"http:\/\/hfsucher.kklick.com\/?page_id=954\" class=\"more-link\"><span class=\"screen-reader-text\">Strehla<\/span> weiterlesen <span class=\"meta-nav\">&rarr;<\/span><\/a><\/p>\n","protected":false},"author":1,"featured_media":1027,"parent":195,"menu_order":3,"comment_status":"open","ping_status":"closed","template":"","meta":{"footnotes":""},"class_list":["post-954","page","type-page","status-publish","has-post-thumbnail","hentry"],"_links":{"self":[{"href":"http:\/\/hfsucher.kklick.com\/index.php?rest_route=\/wp\/v2\/pages\/954","targetHints":{"allow":["GET"]}}],"collection":[{"href":"http:\/\/hfsucher.kklick.com\/index.php?rest_route=\/wp\/v2\/pages"}],"about":[{"href":"http:\/\/hfsucher.kklick.com\/index.php?rest_route=\/wp\/v2\/types\/page"}],"author":[{"embeddable":true,"href":"http:\/\/hfsucher.kklick.com\/index.php?rest_route=\/wp\/v2\/users\/1"}],"replies":[{"embeddable":true,"href":"http:\/\/hfsucher.kklick.com\/index.php?rest_route=%2Fwp%2Fv2%2Fcomments&post=954"}],"version-history":[{"count":21,"href":"http:\/\/hfsucher.kklick.com\/index.php?rest_route=\/wp\/v2\/pages\/954\/revisions"}],"predecessor-version":[{"id":1042,"href":"http:\/\/hfsucher.kklick.com\/index.php?rest_route=\/wp\/v2\/pages\/954\/revisions\/1042"}],"up":[{"embeddable":true,"href":"http:\/\/hfsucher.kklick.com\/index.php?rest_route=\/wp\/v2\/pages\/195"}],"wp:featuredmedia":[{"embeddable":true,"href":"http:\/\/hfsucher.kklick.com\/index.php?rest_route=\/wp\/v2\/media\/1027"}],"wp:attachment":[{"href":"http:\/\/hfsucher.kklick.com\/index.php?rest_route=%2Fwp%2Fv2%2Fmedia&parent=954"}],"curies":[{"name":"wp","href":"https:\/\/api.w.org\/{rel}","templated":true}]}}